{"id":1048,"date":"2022-10-03T10:46:46","date_gmt":"2022-10-03T08:46:46","guid":{"rendered":"http:\/\/sahrdaya-yoga.com\/?page_id=1048"},"modified":"2026-02-21T14:18:40","modified_gmt":"2026-02-21T13:18:40","slug":"mathilde-penet-cours-yoga-institut-yoga-iyengar-nice","status":"publish","type":"page","link":"https:\/\/sahrdaya-yoga.com\/index.php\/mathilde-penet-cours-yoga-institut-yoga-iyengar-nice\/","title":{"rendered":"INFOS PRATIQUES"},"content":{"rendered":"\n<div class=\"wp-block-cover alignfull is-light has-parallax\"><span aria-hidden=\"true\" class=\"wp-block-cover__background has-background-dim-60 has-background-dim\" style=\"background-color:#f8d96a\"><\/span><div role=\"img\" class=\"wp-block-cover__image-background wp-image-1054 has-parallax\" style=\"background-position:50% 50%;background-image:url(https:\/\/sahrdaya-yoga.com\/wp-content\/uploads\/2022\/10\/anuttara.png)\"><\/div><div class=\"wp-block-cover__inner-container is-layout-flow wp-block-cover-is-layout-flow\">\n<p class=\"has-text-align-center has-base-3-color has-text-color has-link-color has-large-font-size wp-elements-eded761c15a826b4a7e448aede1a7287\">Institut de Yoga Iyengar<\/p>\n<\/div><\/div>\n\n\n\n<h2 class=\"wp-block-heading has-text-align-center\">Horaires<\/h2>\n\n\n\n<hr class=\"wp-block-separator has-css-opacity\"\/>\n\n\n\n<p class=\"has-text-align-center has-medium-font-size\"><\/p>\n\n\n\n<div class=\"wp-block-media-text is-stacked-on-mobile is-vertically-aligned-center\"><figure class=\"wp-block-media-text__media\"><img loading=\"lazy\" decoding=\"async\" width=\"1024\" height=\"320\" src=\"https:\/\/i0.wp.com\/sahrdaya-yoga.com\/wp-content\/uploads\/2026\/02\/Capture-decran-2026-02-13-a-11.10.16.png?resize=1024%2C320&#038;ssl=1\" alt=\"\" class=\"wp-image-1892 size-full\" srcset=\"https:\/\/i0.wp.com\/sahrdaya-yoga.com\/wp-content\/uploads\/2026\/02\/Capture-decran-2026-02-13-a-11.10.16.png?resize=1024%2C320&amp;ssl=1 1024w, https:\/\/i0.wp.com\/sahrdaya-yoga.com\/wp-content\/uploads\/2026\/02\/Capture-decran-2026-02-13-a-11.10.16.png?resize=300%2C94&amp;ssl=1 300w, https:\/\/i0.wp.com\/sahrdaya-yoga.com\/wp-content\/uploads\/2026\/02\/Capture-decran-2026-02-13-a-11.10.16.png?resize=768%2C240&amp;ssl=1 768w, https:\/\/i0.wp.com\/sahrdaya-yoga.com\/wp-content\/uploads\/2026\/02\/Capture-decran-2026-02-13-a-11.10.16.png?resize=1536%2C480&amp;ssl=1 1536w, https:\/\/i0.wp.com\/sahrdaya-yoga.com\/wp-content\/uploads\/2026\/02\/Capture-decran-2026-02-13-a-11.10.16.png?resize=2048%2C640&amp;ssl=1 2048w, https:\/\/i0.wp.com\/sahrdaya-yoga.com\/wp-content\/uploads\/2026\/02\/Capture-decran-2026-02-13-a-11.10.16.png?w=2400&amp;ssl=1 2400w\" sizes=\"(max-width: 1024px) 100vw, 1024px\" data-recalc-dims=\"1\" \/><\/figure><div class=\"wp-block-media-text__content\">\n<p class=\"has-text-align-center has-luminous-vivid-amber-color has-text-color has-medium-font-size\"><strong><br>VENDREDI : <\/strong><\/p>\n\n\n\n<ul style=\"font-size:24px\" class=\"has-contrast-color has-text-color\">\n<li><strong>10H-11H30 (niveau 2)<\/strong><\/li>\n\n\n\n<li><strong>12H30-14H<\/strong> <strong> (niveau 1)<\/strong><\/li>\n<\/ul>\n\n\n\n<p class=\"has-text-align-center\"><\/p>\n<\/div><\/div>\n\n\n\n<h2 class=\"wp-block-heading\"> &nbsp; <\/h2>\n\n\n\n<h2 class=\"wp-block-heading has-text-align-center\">Tarifs de l&rsquo;Institut<\/h2>\n\n\n\n<hr class=\"wp-block-separator has-css-opacity\"\/>\n\n\n\n<p class=\"has-text-align-center\">Cours \u00e0 l&rsquo;unit\u00e9 : 25\u20ac<\/p>\n\n\n\n<div class=\"wp-block-columns is-layout-flex wp-container-core-columns-layout-1 wp-block-columns-is-layout-flex\">\n<div class=\"wp-block-column is-layout-flow wp-block-column-is-layout-flow\">\n<p class=\"has-text-align-center\"><meta charset=\"utf-8\"> <u>Abonnements<\/u><\/p>\n\n\n\n<p class=\"has-text-align-center\">4 cours : 76\u20ac <br>8 cours : 132\u20ac <br>12 cours : 165\u20ac <br>16 cours : 180\u20ac <\/p>\n<\/div>\n\n\n\n<div class=\"wp-block-column is-layout-flow wp-block-column-is-layout-flow\">\n<p class=\"has-text-align-center\"> <u>Tarifs r\u00e9duits<\/u> <\/p>\n\n\n\n<p class=\"has-text-align-center\">4 cours : 60 \u20ac<br>8 cours<meta charset=\"utf-8\"><\/meta> : 120 \u20ac<br>12 cours<meta charset=\"utf-8\"><\/meta> : 145 \u20ac<br>16 cours<meta charset=\"utf-8\"><\/meta> : 162 \u20ac<\/p>\n<\/div>\n<\/div>\n\n\n\n<p class=\"has-text-align-center\"><strong>Les cartes sont valables 4 semaines et sur tous les cours hebdomadaires propos\u00e9s par l&rsquo;Institut.<\/strong><\/p>\n\n\n\n<p class=\"has-text-align-center has-small-font-size\"><\/p>\n\n\n\n<h2 class=\"wp-block-heading\"> &nbsp; <\/h2>\n\n\n\n<h2 class=\"wp-block-heading has-text-align-center\">Adresse<\/h2>\n\n\n\n<hr class=\"wp-block-separator has-css-opacity\"\/>\n\n\n\n<h3 class=\"wp-block-heading\"><strong><a href=\"https:\/\/energiedusouffle.com\/\" target=\"_blank\" rel=\"noreferrer noopener\">Institut de yoga Iyengar<\/a>&nbsp;<\/strong><\/h3>\n\n\n\n<p>Adresse :  Institut de yoga Iyengar de Nice, 79 Boulevard Delfino, 06300 NICE<\/p>\n\n\n\n<p>(Quartier Riquier)<\/p>\n\n\n\n<figure><iframe src=\"https:\/\/www.google.com\/maps\/embed?pb=!1m18!1m12!1m3!1d2884.3349898894085!2d7.289164050359892!3d43.70358695708776!2m3!1f0!2f0!3f0!3m2!1i1024!2i768!4f13.1!3m3!1m2!1s0x12cddac8db3b0621%3A0xd772aec412da5b76!2s79%20Bd%20G%C3%A9n%C3%A9ral%20Louis%20Delfino%2C%2006300%20Nice!5e0!3m2!1sfr!2sfr!4v1664784866307!5m2!1sfr!2sfr\" width=\"1200\" height=\"500\" style=\"border:0;\" allowfullscreen=\"\" loading=\"lazy\" referrerpolicy=\"no-referrer-when-downgrade\"><\/iframe><\/figure>\n\n\n\n<p> &nbsp; <\/p>\n\n\n\n<div class=\"wp-block-media-text alignwide is-stacked-on-mobile\" style=\"grid-template-columns:30% auto\"><figure class=\"wp-block-media-text__media\"><img loading=\"lazy\" decoding=\"async\" width=\"438\" height=\"439\" src=\"https:\/\/i0.wp.com\/sahrdaya-yoga.com\/wp-content\/uploads\/2022\/10\/Capture-de\u0301cran-2022-10-03-a\u0300-11.07.39.png?resize=438%2C439&#038;ssl=1\" alt=\"\" class=\"wp-image-1058 size-full\" srcset=\"https:\/\/i0.wp.com\/sahrdaya-yoga.com\/wp-content\/uploads\/2022\/10\/Capture-de\u0301cran-2022-10-03-a\u0300-11.07.39.png?w=438&amp;ssl=1 438w, https:\/\/i0.wp.com\/sahrdaya-yoga.com\/wp-content\/uploads\/2022\/10\/Capture-de\u0301cran-2022-10-03-a\u0300-11.07.39.png?resize=300%2C300&amp;ssl=1 300w, https:\/\/i0.wp.com\/sahrdaya-yoga.com\/wp-content\/uploads\/2022\/10\/Capture-de\u0301cran-2022-10-03-a\u0300-11.07.39.png?resize=150%2C150&amp;ssl=1 150w\" sizes=\"(max-width: 438px) 100vw, 438px\" data-recalc-dims=\"1\" \/><\/figure><div class=\"wp-block-media-text__content\">\n<h2 class=\"wp-block-heading has-text-align-center\">Pour en savoir plus<\/h2>\n\n\n\n<p class=\"has-text-align-center\">Le Centre Anuttara propose des cours, stages et retraites toute l&rsquo;ann\u00e9e. Consultez son <a href=\"http:\/\/www.anuttara.com\/\" target=\"_blank\" rel=\"noreferrer noopener\">site web<\/a> et d\u00e9couvrez l&rsquo;ensemble de la programmation et les autres professeurs !<br><\/p>\n<\/div><\/div>\n\n\n\n<p class=\"has-text-align-center\">&#8230;ou rendez-vous sur la <a href=\"https:\/\/www.facebook.com\/anuttaraiyengaryoga\" target=\"_blank\" rel=\"noreferrer noopener\">Page Facebook <\/a><\/p>\n","protected":false},"excerpt":{"rendered":"<p>Horaires &nbsp; Tarifs de l&rsquo;Institut Cours \u00e0 l&rsquo;unit\u00e9 : 25\u20ac Abonnements 4 cours : 76\u20ac 8 cours : 132\u20ac 12 cours : 165\u20ac 16 cours : 180\u20ac Tarifs r\u00e9duits 4 cours : 60 \u20ac8 cours : 120 \u20ac12 cours : 145 \u20ac16 cours : 162 \u20ac Les cartes sont valables 4 semaines et sur tous &#8230; <a title=\"INFOS PRATIQUES\" class=\"read-more\" href=\"https:\/\/sahrdaya-yoga.com\/index.php\/mathilde-penet-cours-yoga-institut-yoga-iyengar-nice\/\" aria-label=\"En savoir plus sur INFOS PRATIQUES\">Lire la suite<\/a><\/p>\n","protected":false},"author":1,"featured_media":0,"parent":0,"menu_order":0,"comment_status":"closed","ping_status":"closed","template":"","meta":{"sfsi_plus_gutenberg_text_before_share":"","sfsi_plus_gutenberg_show_text_before_share":"","sfsi_plus_gutenberg_icon_type":"","sfsi_plus_gutenberg_icon_alignemt":"","sfsi_plus_gutenburg_max_per_row":"","footnotes":""},"yoast_head":"<!-- This site is optimized with the Yoast SEO plugin v21.8 - https:\/\/yoast.com\/wordpress\/plugins\/seo\/ -->\n<title>INFOS PRATIQUES - Sahrdaya<\/title>\n<meta name=\"description\" content=\"Sahrdaya Yoga. D\u00e9couvrez l&#039;art du yoga avec Mathilde Penet : Alignement postural, respiration, concentration, m\u00e9ditation. Cours collectifs et s\u00e9ances individuelles 3 lieux \u00e0 Nice : L\u2019Institut de Yoga Iyengar, l&#039;Energie du Souffle et le Super Studio. Nice Centre \u2013 Nice Nord (Quartier Lib\u00e9ration et Riquier)\" \/>\n<meta name=\"robots\" content=\"index, follow, max-snippet:-1, max-image-preview:large, max-video-preview:-1\" \/>\n<link rel=\"canonical\" href=\"https:\/\/sahrdaya-yoga.com\/index.php\/mathilde-penet-cours-yoga-institut-yoga-iyengar-nice\/\" \/>\n<meta property=\"og:locale\" content=\"fr_FR\" \/>\n<meta property=\"og:type\" content=\"article\" \/>\n<meta property=\"og:title\" content=\"INFOS PRATIQUES - Sahrdaya\" \/>\n<meta property=\"og:description\" content=\"Sahrdaya Yoga. D\u00e9couvrez l&#039;art du yoga avec Mathilde Penet : Alignement postural, respiration, concentration, m\u00e9ditation. Cours collectifs et s\u00e9ances individuelles 3 lieux \u00e0 Nice : L\u2019Institut de Yoga Iyengar, l&#039;Energie du Souffle et le Super Studio. Nice Centre \u2013 Nice Nord (Quartier Lib\u00e9ration et Riquier)\" \/>\n<meta property=\"og:url\" content=\"https:\/\/sahrdaya-yoga.com\/index.php\/mathilde-penet-cours-yoga-institut-yoga-iyengar-nice\/\" \/>\n<meta property=\"og:site_name\" content=\"Sahrdaya\" \/>\n<meta property=\"article:publisher\" content=\"https:\/\/www.facebook.com\/sahrdayayogareunion\" \/>\n<meta property=\"article:modified_time\" content=\"2026-02-21T13:18:40+00:00\" \/>\n<meta property=\"og:image\" content=\"https:\/\/sahrdaya-yoga.com\/wp-content\/uploads\/2026\/02\/Capture-decran-2026-02-13-a-11.10.16-1024x320.png\" \/>\n<meta name=\"twitter:card\" content=\"summary_large_image\" \/>\n<meta name=\"twitter:label1\" content=\"Dur\u00e9e de lecture estim\u00e9e\" \/>\n\t<meta name=\"twitter:data1\" content=\"2 minutes\" \/>\n<script type=\"application\/ld+json\" class=\"yoast-schema-graph\">{\"@context\":\"https:\/\/schema.org\",\"@graph\":[{\"@type\":\"WebPage\",\"@id\":\"https:\/\/sahrdaya-yoga.com\/index.php\/mathilde-penet-cours-yoga-institut-yoga-iyengar-nice\/\",\"url\":\"https:\/\/sahrdaya-yoga.com\/index.php\/mathilde-penet-cours-yoga-institut-yoga-iyengar-nice\/\",\"name\":\"INFOS PRATIQUES - Sahrdaya\",\"isPartOf\":{\"@id\":\"https:\/\/sahrdaya-yoga.com\/#website\"},\"datePublished\":\"2022-10-03T08:46:46+00:00\",\"dateModified\":\"2026-02-21T13:18:40+00:00\",\"description\":\"Sahrdaya Yoga. D\u00e9couvrez l'art du yoga avec Mathilde Penet : Alignement postural, respiration, concentration, m\u00e9ditation. Cours collectifs et s\u00e9ances individuelles 3 lieux \u00e0 Nice : L\u2019Institut de Yoga Iyengar, l'Energie du Souffle et le Super Studio. Nice Centre \u2013 Nice Nord (Quartier Lib\u00e9ration et Riquier)\",\"breadcrumb\":{\"@id\":\"https:\/\/sahrdaya-yoga.com\/index.php\/mathilde-penet-cours-yoga-institut-yoga-iyengar-nice\/#breadcrumb\"},\"inLanguage\":\"fr-FR\",\"potentialAction\":[{\"@type\":\"ReadAction\",\"target\":[\"https:\/\/sahrdaya-yoga.com\/index.php\/mathilde-penet-cours-yoga-institut-yoga-iyengar-nice\/\"]}]},{\"@type\":\"BreadcrumbList\",\"@id\":\"https:\/\/sahrdaya-yoga.com\/index.php\/mathilde-penet-cours-yoga-institut-yoga-iyengar-nice\/#breadcrumb\",\"itemListElement\":[{\"@type\":\"ListItem\",\"position\":1,\"name\":\"Accueil\",\"item\":\"https:\/\/sahrdaya-yoga.com\/\"},{\"@type\":\"ListItem\",\"position\":2,\"name\":\"INFOS PRATIQUES\"}]},{\"@type\":\"WebSite\",\"@id\":\"https:\/\/sahrdaya-yoga.com\/#website\",\"url\":\"https:\/\/sahrdaya-yoga.com\/\",\"name\":\"Sahrdaya\",\"description\":\"COURS DE YOGA\",\"publisher\":{\"@id\":\"https:\/\/sahrdaya-yoga.com\/#organization\"},\"potentialAction\":[{\"@type\":\"SearchAction\",\"target\":{\"@type\":\"EntryPoint\",\"urlTemplate\":\"https:\/\/sahrdaya-yoga.com\/?s={search_term_string}\"},\"query-input\":\"required name=search_term_string\"}],\"inLanguage\":\"fr-FR\"},{\"@type\":\"Organization\",\"@id\":\"https:\/\/sahrdaya-yoga.com\/#organization\",\"name\":\"Sahrdaya Yoga R\u00e9union\",\"url\":\"https:\/\/sahrdaya-yoga.com\/\",\"logo\":{\"@type\":\"ImageObject\",\"inLanguage\":\"fr-FR\",\"@id\":\"https:\/\/sahrdaya-yoga.com\/#\/schema\/logo\/image\/\",\"url\":\"http:\/\/sahrdaya-yoga.com\/wp-content\/uploads\/2020\/08\/IMG-0.png\",\"contentUrl\":\"http:\/\/sahrdaya-yoga.com\/wp-content\/uploads\/2020\/08\/IMG-0.png\",\"width\":2208,\"height\":1908,\"caption\":\"Sahrdaya Yoga R\u00e9union\"},\"image\":{\"@id\":\"https:\/\/sahrdaya-yoga.com\/#\/schema\/logo\/image\/\"},\"sameAs\":[\"https:\/\/www.facebook.com\/sahrdayayogareunion\"]}]}<\/script>\n<!-- \/ Yoast SEO plugin. -->","yoast_head_json":{"title":"INFOS PRATIQUES - Sahrdaya","description":"Sahrdaya Yoga. D\u00e9couvrez l'art du yoga avec Mathilde Penet : Alignement postural, respiration, concentration, m\u00e9ditation. Cours collectifs et s\u00e9ances individuelles 3 lieux \u00e0 Nice : L\u2019Institut de Yoga Iyengar, l'Energie du Souffle et le Super Studio. Nice Centre \u2013 Nice Nord (Quartier Lib\u00e9ration et Riquier)","robots":{"index":"index","follow":"follow","max-snippet":"max-snippet:-1","max-image-preview":"max-image-preview:large","max-video-preview":"max-video-preview:-1"},"canonical":"https:\/\/sahrdaya-yoga.com\/index.php\/mathilde-penet-cours-yoga-institut-yoga-iyengar-nice\/","og_locale":"fr_FR","og_type":"article","og_title":"INFOS PRATIQUES - Sahrdaya","og_description":"Sahrdaya Yoga. D\u00e9couvrez l'art du yoga avec Mathilde Penet : Alignement postural, respiration, concentration, m\u00e9ditation. Cours collectifs et s\u00e9ances individuelles 3 lieux \u00e0 Nice : L\u2019Institut de Yoga Iyengar, l'Energie du Souffle et le Super Studio. Nice Centre \u2013 Nice Nord (Quartier Lib\u00e9ration et Riquier)","og_url":"https:\/\/sahrdaya-yoga.com\/index.php\/mathilde-penet-cours-yoga-institut-yoga-iyengar-nice\/","og_site_name":"Sahrdaya","article_publisher":"https:\/\/www.facebook.com\/sahrdayayogareunion","article_modified_time":"2026-02-21T13:18:40+00:00","og_image":[{"url":"https:\/\/sahrdaya-yoga.com\/wp-content\/uploads\/2026\/02\/Capture-decran-2026-02-13-a-11.10.16-1024x320.png"}],"twitter_card":"summary_large_image","twitter_misc":{"Dur\u00e9e de lecture estim\u00e9e":"2 minutes"},"schema":{"@context":"https:\/\/schema.org","@graph":[{"@type":"WebPage","@id":"https:\/\/sahrdaya-yoga.com\/index.php\/mathilde-penet-cours-yoga-institut-yoga-iyengar-nice\/","url":"https:\/\/sahrdaya-yoga.com\/index.php\/mathilde-penet-cours-yoga-institut-yoga-iyengar-nice\/","name":"INFOS PRATIQUES - Sahrdaya","isPartOf":{"@id":"https:\/\/sahrdaya-yoga.com\/#website"},"datePublished":"2022-10-03T08:46:46+00:00","dateModified":"2026-02-21T13:18:40+00:00","description":"Sahrdaya Yoga. D\u00e9couvrez l'art du yoga avec Mathilde Penet : Alignement postural, respiration, concentration, m\u00e9ditation. Cours collectifs et s\u00e9ances individuelles 3 lieux \u00e0 Nice : L\u2019Institut de Yoga Iyengar, l'Energie du Souffle et le Super Studio. Nice Centre \u2013 Nice Nord (Quartier Lib\u00e9ration et Riquier)","breadcrumb":{"@id":"https:\/\/sahrdaya-yoga.com\/index.php\/mathilde-penet-cours-yoga-institut-yoga-iyengar-nice\/#breadcrumb"},"inLanguage":"fr-FR","potentialAction":[{"@type":"ReadAction","target":["https:\/\/sahrdaya-yoga.com\/index.php\/mathilde-penet-cours-yoga-institut-yoga-iyengar-nice\/"]}]},{"@type":"BreadcrumbList","@id":"https:\/\/sahrdaya-yoga.com\/index.php\/mathilde-penet-cours-yoga-institut-yoga-iyengar-nice\/#breadcrumb","itemListElement":[{"@type":"ListItem","position":1,"name":"Accueil","item":"https:\/\/sahrdaya-yoga.com\/"},{"@type":"ListItem","position":2,"name":"INFOS PRATIQUES"}]},{"@type":"WebSite","@id":"https:\/\/sahrdaya-yoga.com\/#website","url":"https:\/\/sahrdaya-yoga.com\/","name":"Sahrdaya","description":"COURS DE YOGA","publisher":{"@id":"https:\/\/sahrdaya-yoga.com\/#organization"},"potentialAction":[{"@type":"SearchAction","target":{"@type":"EntryPoint","urlTemplate":"https:\/\/sahrdaya-yoga.com\/?s={search_term_string}"},"query-input":"required name=search_term_string"}],"inLanguage":"fr-FR"},{"@type":"Organization","@id":"https:\/\/sahrdaya-yoga.com\/#organization","name":"Sahrdaya Yoga R\u00e9union","url":"https:\/\/sahrdaya-yoga.com\/","logo":{"@type":"ImageObject","inLanguage":"fr-FR","@id":"https:\/\/sahrdaya-yoga.com\/#\/schema\/logo\/image\/","url":"http:\/\/sahrdaya-yoga.com\/wp-content\/uploads\/2020\/08\/IMG-0.png","contentUrl":"http:\/\/sahrdaya-yoga.com\/wp-content\/uploads\/2020\/08\/IMG-0.png","width":2208,"height":1908,"caption":"Sahrdaya Yoga R\u00e9union"},"image":{"@id":"https:\/\/sahrdaya-yoga.com\/#\/schema\/logo\/image\/"},"sameAs":["https:\/\/www.facebook.com\/sahrdayayogareunion"]}]}},"jetpack_sharing_enabled":true,"_links":{"self":[{"href":"https:\/\/sahrdaya-yoga.com\/index.php\/wp-json\/wp\/v2\/pages\/1048"}],"collection":[{"href":"https:\/\/sahrdaya-yoga.com\/index.php\/wp-json\/wp\/v2\/pages"}],"about":[{"href":"https:\/\/sahrdaya-yoga.com\/index.php\/wp-json\/wp\/v2\/types\/page"}],"author":[{"embeddable":true,"href":"https:\/\/sahrdaya-yoga.com\/index.php\/wp-json\/wp\/v2\/users\/1"}],"replies":[{"embeddable":true,"href":"https:\/\/sahrdaya-yoga.com\/index.php\/wp-json\/wp\/v2\/comments?post=1048"}],"version-history":[{"count":13,"href":"https:\/\/sahrdaya-yoga.com\/index.php\/wp-json\/wp\/v2\/pages\/1048\/revisions"}],"predecessor-version":[{"id":1952,"href":"https:\/\/sahrdaya-yoga.com\/index.php\/wp-json\/wp\/v2\/pages\/1048\/revisions\/1952"}],"wp:attachment":[{"href":"https:\/\/sahrdaya-yoga.com\/index.php\/wp-json\/wp\/v2\/media?parent=1048"}],"curies":[{"name":"wp","href":"https:\/\/api.w.org\/{rel}","templated":true}]}}