{"id":1101,"date":"2022-11-28T12:26:01","date_gmt":"2022-11-28T11:26:01","guid":{"rendered":"http:\/\/sahrdaya-yoga.com\/?page_id=1101"},"modified":"2026-02-21T14:21:14","modified_gmt":"2026-02-21T13:21:14","slug":"mathilde-penet-cours-yoga-super-studio-nice-liberation","status":"publish","type":"page","link":"https:\/\/sahrdaya-yoga.com\/index.php\/mathilde-penet-cours-yoga-super-studio-nice-liberation\/","title":{"rendered":"INFOS PRATIQUES"},"content":{"rendered":"\n<div class=\"wp-block-cover alignfull is-light has-parallax\"><span aria-hidden=\"true\" class=\"wp-block-cover__background has-background-dim-60 has-background-dim\" style=\"background-color:#f8d96a\"><\/span><div role=\"img\" class=\"wp-block-cover__image-background wp-image-1109 has-parallax\" style=\"background-position:50% 50%;background-image:url(https:\/\/sahrdaya-yoga.com\/wp-content\/uploads\/2022\/11\/SUPER_STUDI_YOGA_NICE_1.jpg)\"><\/div><div class=\"wp-block-cover__inner-container is-layout-flow wp-block-cover-is-layout-flow\">\n<p class=\"has-text-align-center has-base-3-color has-text-color has-link-color has-large-font-size wp-elements-a9a73f6e9c47417d5f38170a000c5f0c\">Super Studio<\/p>\n<\/div><\/div>\n\n\n\n<h2 class=\"wp-block-heading has-text-align-center\">Horaires<\/h2>\n\n\n\n<hr class=\"wp-block-separator has-css-opacity\"\/>\n\n\n\n<p class=\"has-text-align-center has-medium-font-size\"><\/p>\n\n\n\n<div class=\"wp-block-media-text alignwide is-stacked-on-mobile\" style=\"grid-template-columns:37% auto\"><figure class=\"wp-block-media-text__media\"><img loading=\"lazy\" decoding=\"async\" width=\"1024\" height=\"683\" src=\"https:\/\/i0.wp.com\/sahrdaya-yoga.com\/wp-content\/uploads\/2022\/11\/cours-de-yoga-nice-tadasana_1.jpg?resize=1024%2C683&#038;ssl=1\" alt=\"\" class=\"wp-image-1112 size-thumbnail\" srcset=\"https:\/\/i0.wp.com\/sahrdaya-yoga.com\/wp-content\/uploads\/2022\/11\/cours-de-yoga-nice-tadasana_1.jpg?resize=1024%2C683&amp;ssl=1 1024w, https:\/\/i0.wp.com\/sahrdaya-yoga.com\/wp-content\/uploads\/2022\/11\/cours-de-yoga-nice-tadasana_1.jpg?resize=300%2C200&amp;ssl=1 300w, https:\/\/i0.wp.com\/sahrdaya-yoga.com\/wp-content\/uploads\/2022\/11\/cours-de-yoga-nice-tadasana_1.jpg?resize=768%2C512&amp;ssl=1 768w, https:\/\/i0.wp.com\/sahrdaya-yoga.com\/wp-content\/uploads\/2022\/11\/cours-de-yoga-nice-tadasana_1.jpg?resize=1536%2C1024&amp;ssl=1 1536w, https:\/\/i0.wp.com\/sahrdaya-yoga.com\/wp-content\/uploads\/2022\/11\/cours-de-yoga-nice-tadasana_1.jpg?w=1600&amp;ssl=1 1600w\" sizes=\"(max-width: 1024px) 100vw, 1024px\" data-recalc-dims=\"1\" \/><\/figure><div class=\"wp-block-media-text__content\">\n<p class=\"has-text-align-center has-luminous-vivid-amber-color has-text-color has-medium-font-size\"><strong>LUNDI<\/strong> : <strong>19H-20H30<\/strong> (base 1 et 2)<strong><br>JEUDI : 10H-11H30<\/strong> (<meta charset=\"utf-8\"><\/meta>base 1) <\/p>\n<\/div><\/div>\n\n\n\n<div class=\"wp-block-media-text alignwide has-media-on-the-right is-stacked-on-mobile\" style=\"grid-template-columns:auto 30%\"><div class=\"wp-block-media-text__content\">\n<h2 class=\"wp-block-heading has-text-align-left\">R\u00e9servez en ligne<\/h2>\n\n\n\n<p class=\"has-text-align-left\">Consultez le <a href=\"http:\/\/superstudio.yoga\/\" target=\"_blank\" rel=\"noreferrer noopener\">site web<\/a> du Super Studio pour r\u00e9server vos places et d\u00e9couvrez l&rsquo;ensemble de la programmation, les autres professeurs, etc !<br><\/p>\n<\/div><figure class=\"wp-block-media-text__media\"><img loading=\"lazy\" decoding=\"async\" width=\"1024\" height=\"618\" src=\"https:\/\/i0.wp.com\/sahrdaya-yoga.com\/wp-content\/uploads\/2022\/11\/super-studio-nice-883.jpg?resize=1024%2C618&#038;ssl=1\" alt=\"\" class=\"wp-image-1110 size-full\" srcset=\"https:\/\/i0.wp.com\/sahrdaya-yoga.com\/wp-content\/uploads\/2022\/11\/super-studio-nice-883.jpg?resize=1024%2C618&amp;ssl=1 1024w, https:\/\/i0.wp.com\/sahrdaya-yoga.com\/wp-content\/uploads\/2022\/11\/super-studio-nice-883.jpg?resize=300%2C181&amp;ssl=1 300w, https:\/\/i0.wp.com\/sahrdaya-yoga.com\/wp-content\/uploads\/2022\/11\/super-studio-nice-883.jpg?resize=768%2C463&amp;ssl=1 768w, https:\/\/i0.wp.com\/sahrdaya-yoga.com\/wp-content\/uploads\/2022\/11\/super-studio-nice-883.jpg?w=1500&amp;ssl=1 1500w\" sizes=\"(max-width: 1024px) 100vw, 1024px\" data-recalc-dims=\"1\" \/><\/figure><\/div>\n\n\n\n<h2 class=\"wp-block-heading\"> &nbsp; <\/h2>\n\n\n\n<h2 class=\"wp-block-heading has-text-align-center\">Tarifs du Super Studio<\/h2>\n\n\n\n<hr class=\"wp-block-separator has-css-opacity\"\/>\n\n\n\n<div class=\"wp-block-columns is-layout-flex wp-container-core-columns-layout-1 wp-block-columns-is-layout-flex\">\n<div class=\"wp-block-column is-layout-flow wp-block-column-is-layout-flow\">\n<p class=\"has-text-align-center\"><meta charset=\"utf-8\"><\/meta><u>Tickets \u00e0 la semaine<\/u> <br><br>1 Cours<strong> :<\/strong>\u00a0<strong>20\u20ac<\/strong>\u00a0<\/p>\n\n\n\n<p class=\"has-text-align-center\"><\/p>\n<\/div>\n\n\n\n<div class=\"wp-block-column is-layout-flow wp-block-column-is-layout-flow\">\n<p class=\"has-text-align-center\"><meta charset=\"utf-8\"><u>Cartes de cours classiques<\/u><\/p>\n\n\n\n<p class=\"has-text-align-center\"><meta charset=\"utf-8\"><\/meta>Carte de 5 cours<strong> :<\/strong>\u00a0<strong>95\u20ac<\/strong>\u00a0<em>(valable 3 mois)<\/em><\/p>\n\n\n\n<p class=\"has-text-align-center\"><meta charset=\"utf-8\"><\/meta>Carte de 10 cours<strong> :<\/strong>\u00a0<strong>170\u20ac<\/strong>\u00a0<em>(valable 4 mois)<\/em><\/p>\n<\/div>\n\n\n\n<div class=\"wp-block-column is-layout-flow wp-block-column-is-layout-flow\">\n<p><meta charset=\"utf-8\"><u>Abonnements<\/u><\/p>\n\n\n\n<p>Base : 4 cours 4 semaines : <strong>62\u20ac<\/strong>&nbsp;<\/p>\n\n\n\n<p>Interm\u00e9diaire : 6 cours 4 semaines : <strong>84\u20ac<\/strong><\/p>\n\n\n\n<p><meta charset=\"utf-8\"><\/meta>Illimit\u00e9 : 4 semaines : <strong>108\u20ac <\/strong>(engagement 6 mois)<\/p>\n<\/div>\n<\/div>\n\n\n\n<h2 class=\"wp-block-heading\"> &nbsp; <\/h2>\n\n\n\n<h2 class=\"wp-block-heading has-text-align-center\">Adresse<\/h2>\n\n\n\n<hr class=\"wp-block-separator has-css-opacity\"\/>\n\n\n\n<h3 class=\"wp-block-heading\"><strong><a href=\"http:\/\/superstudio.yoga\/\" target=\"_blank\" rel=\"noreferrer noopener\">SUPER STUDIO<\/a>&nbsp;<\/strong><\/h3>\n\n\n\n<p>Adresse :  8 rue cros de Capeu, 06100 NICE<\/p>\n\n\n\n<p>(Quartier Gambetta\/Garnier)<\/p>\n\n\n\n<figure><iframe src=\"https:\/\/www.google.com\/maps\/embed?pb=!1m18!1m12!1m3!1d5655507.555754492!2d0.3140563662100974!3d46.20093943943119!2m3!1f0!2f0!3f0!3m2!1i1024!2i768!4f13.1!3m3!1m2!1s0x12cddba80bec3137%3A0xf6f5af61c40fb842!2sSuperStudio%20%7C%20Cours%20de%20Yoga%20%C3%A0%20Nice%20Nord%20-%20quartier%20Lib%C3%A9ration!5e0!3m2!1sfr!2sfr!4v1669635086985!5m2!1sfr!2sfr\" width=\"1200\" height=\"500 style=\" border:0;\"=\"\" allowfullscreen=\"\" loading=\"lazy\" referrerpolicy=\"no-referrer-when-downgrade\"><\/iframe><\/figure>\n\n\n\n<h2 class=\"wp-block-heading\"> <\/h2>\n","protected":false},"excerpt":{"rendered":"<p>Horaires LUNDI : 19H-20H30 (base 1 et 2)JEUDI : 10H-11H30 (base 1) R\u00e9servez en ligne Consultez le site web du Super Studio pour r\u00e9server vos places et d\u00e9couvrez l&rsquo;ensemble de la programmation, les autres professeurs, etc ! &nbsp; Tarifs du Super Studio Tickets \u00e0 la semaine 1 Cours :\u00a020\u20ac\u00a0 Cartes de cours classiques Carte de &#8230; <a title=\"INFOS PRATIQUES\" class=\"read-more\" href=\"https:\/\/sahrdaya-yoga.com\/index.php\/mathilde-penet-cours-yoga-super-studio-nice-liberation\/\" aria-label=\"En savoir plus sur INFOS PRATIQUES\">Lire la suite<\/a><\/p>\n","protected":false},"author":1,"featured_media":0,"parent":0,"menu_order":0,"comment_status":"closed","ping_status":"closed","template":"","meta":{"sfsi_plus_gutenberg_text_before_share":"","sfsi_plus_gutenberg_show_text_before_share":"","sfsi_plus_gutenberg_icon_type":"","sfsi_plus_gutenberg_icon_alignemt":"","sfsi_plus_gutenburg_max_per_row":"","footnotes":""},"yoast_head":"<!-- This site is optimized with the Yoast SEO plugin v21.8 - https:\/\/yoast.com\/wordpress\/plugins\/seo\/ -->\n<title>INFOS PRATIQUES - Sahrdaya<\/title>\n<meta name=\"description\" content=\"Sahrdaya Yoga. D\u00e9couvrez l&#039;art du yoga avec Mathilde Penet : Alignement postural, respiration, concentration, m\u00e9ditation. Cours collectifs et s\u00e9ances individuelles 3 lieux \u00e0 Nice : L\u2019Institut de Yoga Iyengar, l&#039;Energie du Souffle et le Super Studio. Nice Centre \u2013 Nice Nord (Quartier Lib\u00e9ration et Riquier)\" \/>\n<meta name=\"robots\" content=\"index, follow, max-snippet:-1, max-image-preview:large, max-video-preview:-1\" \/>\n<link rel=\"canonical\" href=\"https:\/\/sahrdaya-yoga.com\/index.php\/mathilde-penet-cours-yoga-super-studio-nice-liberation\/\" \/>\n<meta property=\"og:locale\" content=\"fr_FR\" \/>\n<meta property=\"og:type\" content=\"article\" \/>\n<meta property=\"og:title\" content=\"INFOS PRATIQUES - Sahrdaya\" \/>\n<meta property=\"og:description\" content=\"Sahrdaya Yoga. D\u00e9couvrez l&#039;art du yoga avec Mathilde Penet : Alignement postural, respiration, concentration, m\u00e9ditation. Cours collectifs et s\u00e9ances individuelles 3 lieux \u00e0 Nice : L\u2019Institut de Yoga Iyengar, l&#039;Energie du Souffle et le Super Studio. Nice Centre \u2013 Nice Nord (Quartier Lib\u00e9ration et Riquier)\" \/>\n<meta property=\"og:url\" content=\"https:\/\/sahrdaya-yoga.com\/index.php\/mathilde-penet-cours-yoga-super-studio-nice-liberation\/\" \/>\n<meta property=\"og:site_name\" content=\"Sahrdaya\" \/>\n<meta property=\"article:publisher\" content=\"https:\/\/www.facebook.com\/sahrdayayogareunion\" \/>\n<meta property=\"article:modified_time\" content=\"2026-02-21T13:21:14+00:00\" \/>\n<meta property=\"og:image\" content=\"http:\/\/sahrdaya-yoga.com\/wp-content\/uploads\/2022\/11\/cours-de-yoga-nice-tadasana_1-1024x683.jpg\" \/>\n<meta name=\"twitter:card\" content=\"summary_large_image\" \/>\n<meta name=\"twitter:label1\" content=\"Dur\u00e9e de lecture estim\u00e9e\" \/>\n\t<meta name=\"twitter:data1\" content=\"1 minute\" \/>\n<script type=\"application\/ld+json\" class=\"yoast-schema-graph\">{\"@context\":\"https:\/\/schema.org\",\"@graph\":[{\"@type\":\"WebPage\",\"@id\":\"https:\/\/sahrdaya-yoga.com\/index.php\/mathilde-penet-cours-yoga-super-studio-nice-liberation\/\",\"url\":\"https:\/\/sahrdaya-yoga.com\/index.php\/mathilde-penet-cours-yoga-super-studio-nice-liberation\/\",\"name\":\"INFOS PRATIQUES - Sahrdaya\",\"isPartOf\":{\"@id\":\"https:\/\/sahrdaya-yoga.com\/#website\"},\"datePublished\":\"2022-11-28T11:26:01+00:00\",\"dateModified\":\"2026-02-21T13:21:14+00:00\",\"description\":\"Sahrdaya Yoga. D\u00e9couvrez l'art du yoga avec Mathilde Penet : Alignement postural, respiration, concentration, m\u00e9ditation. Cours collectifs et s\u00e9ances individuelles 3 lieux \u00e0 Nice : L\u2019Institut de Yoga Iyengar, l'Energie du Souffle et le Super Studio. Nice Centre \u2013 Nice Nord (Quartier Lib\u00e9ration et Riquier)\",\"breadcrumb\":{\"@id\":\"https:\/\/sahrdaya-yoga.com\/index.php\/mathilde-penet-cours-yoga-super-studio-nice-liberation\/#breadcrumb\"},\"inLanguage\":\"fr-FR\",\"potentialAction\":[{\"@type\":\"ReadAction\",\"target\":[\"https:\/\/sahrdaya-yoga.com\/index.php\/mathilde-penet-cours-yoga-super-studio-nice-liberation\/\"]}]},{\"@type\":\"BreadcrumbList\",\"@id\":\"https:\/\/sahrdaya-yoga.com\/index.php\/mathilde-penet-cours-yoga-super-studio-nice-liberation\/#breadcrumb\",\"itemListElement\":[{\"@type\":\"ListItem\",\"position\":1,\"name\":\"Accueil\",\"item\":\"https:\/\/sahrdaya-yoga.com\/\"},{\"@type\":\"ListItem\",\"position\":2,\"name\":\"INFOS PRATIQUES\"}]},{\"@type\":\"WebSite\",\"@id\":\"https:\/\/sahrdaya-yoga.com\/#website\",\"url\":\"https:\/\/sahrdaya-yoga.com\/\",\"name\":\"Sahrdaya\",\"description\":\"COURS DE YOGA\",\"publisher\":{\"@id\":\"https:\/\/sahrdaya-yoga.com\/#organization\"},\"potentialAction\":[{\"@type\":\"SearchAction\",\"target\":{\"@type\":\"EntryPoint\",\"urlTemplate\":\"https:\/\/sahrdaya-yoga.com\/?s={search_term_string}\"},\"query-input\":\"required name=search_term_string\"}],\"inLanguage\":\"fr-FR\"},{\"@type\":\"Organization\",\"@id\":\"https:\/\/sahrdaya-yoga.com\/#organization\",\"name\":\"Sahrdaya Yoga R\u00e9union\",\"url\":\"https:\/\/sahrdaya-yoga.com\/\",\"logo\":{\"@type\":\"ImageObject\",\"inLanguage\":\"fr-FR\",\"@id\":\"https:\/\/sahrdaya-yoga.com\/#\/schema\/logo\/image\/\",\"url\":\"http:\/\/sahrdaya-yoga.com\/wp-content\/uploads\/2020\/08\/IMG-0.png\",\"contentUrl\":\"http:\/\/sahrdaya-yoga.com\/wp-content\/uploads\/2020\/08\/IMG-0.png\",\"width\":2208,\"height\":1908,\"caption\":\"Sahrdaya Yoga R\u00e9union\"},\"image\":{\"@id\":\"https:\/\/sahrdaya-yoga.com\/#\/schema\/logo\/image\/\"},\"sameAs\":[\"https:\/\/www.facebook.com\/sahrdayayogareunion\"]}]}<\/script>\n<!-- \/ Yoast SEO plugin. -->","yoast_head_json":{"title":"INFOS PRATIQUES - Sahrdaya","description":"Sahrdaya Yoga. D\u00e9couvrez l'art du yoga avec Mathilde Penet : Alignement postural, respiration, concentration, m\u00e9ditation. Cours collectifs et s\u00e9ances individuelles 3 lieux \u00e0 Nice : L\u2019Institut de Yoga Iyengar, l'Energie du Souffle et le Super Studio. Nice Centre \u2013 Nice Nord (Quartier Lib\u00e9ration et Riquier)","robots":{"index":"index","follow":"follow","max-snippet":"max-snippet:-1","max-image-preview":"max-image-preview:large","max-video-preview":"max-video-preview:-1"},"canonical":"https:\/\/sahrdaya-yoga.com\/index.php\/mathilde-penet-cours-yoga-super-studio-nice-liberation\/","og_locale":"fr_FR","og_type":"article","og_title":"INFOS PRATIQUES - Sahrdaya","og_description":"Sahrdaya Yoga. D\u00e9couvrez l'art du yoga avec Mathilde Penet : Alignement postural, respiration, concentration, m\u00e9ditation. Cours collectifs et s\u00e9ances individuelles 3 lieux \u00e0 Nice : L\u2019Institut de Yoga Iyengar, l'Energie du Souffle et le Super Studio. Nice Centre \u2013 Nice Nord (Quartier Lib\u00e9ration et Riquier)","og_url":"https:\/\/sahrdaya-yoga.com\/index.php\/mathilde-penet-cours-yoga-super-studio-nice-liberation\/","og_site_name":"Sahrdaya","article_publisher":"https:\/\/www.facebook.com\/sahrdayayogareunion","article_modified_time":"2026-02-21T13:21:14+00:00","og_image":[{"url":"http:\/\/sahrdaya-yoga.com\/wp-content\/uploads\/2022\/11\/cours-de-yoga-nice-tadasana_1-1024x683.jpg"}],"twitter_card":"summary_large_image","twitter_misc":{"Dur\u00e9e de lecture estim\u00e9e":"1 minute"},"schema":{"@context":"https:\/\/schema.org","@graph":[{"@type":"WebPage","@id":"https:\/\/sahrdaya-yoga.com\/index.php\/mathilde-penet-cours-yoga-super-studio-nice-liberation\/","url":"https:\/\/sahrdaya-yoga.com\/index.php\/mathilde-penet-cours-yoga-super-studio-nice-liberation\/","name":"INFOS PRATIQUES - Sahrdaya","isPartOf":{"@id":"https:\/\/sahrdaya-yoga.com\/#website"},"datePublished":"2022-11-28T11:26:01+00:00","dateModified":"2026-02-21T13:21:14+00:00","description":"Sahrdaya Yoga. D\u00e9couvrez l'art du yoga avec Mathilde Penet : Alignement postural, respiration, concentration, m\u00e9ditation. Cours collectifs et s\u00e9ances individuelles 3 lieux \u00e0 Nice : L\u2019Institut de Yoga Iyengar, l'Energie du Souffle et le Super Studio. Nice Centre \u2013 Nice Nord (Quartier Lib\u00e9ration et Riquier)","breadcrumb":{"@id":"https:\/\/sahrdaya-yoga.com\/index.php\/mathilde-penet-cours-yoga-super-studio-nice-liberation\/#breadcrumb"},"inLanguage":"fr-FR","potentialAction":[{"@type":"ReadAction","target":["https:\/\/sahrdaya-yoga.com\/index.php\/mathilde-penet-cours-yoga-super-studio-nice-liberation\/"]}]},{"@type":"BreadcrumbList","@id":"https:\/\/sahrdaya-yoga.com\/index.php\/mathilde-penet-cours-yoga-super-studio-nice-liberation\/#breadcrumb","itemListElement":[{"@type":"ListItem","position":1,"name":"Accueil","item":"https:\/\/sahrdaya-yoga.com\/"},{"@type":"ListItem","position":2,"name":"INFOS PRATIQUES"}]},{"@type":"WebSite","@id":"https:\/\/sahrdaya-yoga.com\/#website","url":"https:\/\/sahrdaya-yoga.com\/","name":"Sahrdaya","description":"COURS DE YOGA","publisher":{"@id":"https:\/\/sahrdaya-yoga.com\/#organization"},"potentialAction":[{"@type":"SearchAction","target":{"@type":"EntryPoint","urlTemplate":"https:\/\/sahrdaya-yoga.com\/?s={search_term_string}"},"query-input":"required name=search_term_string"}],"inLanguage":"fr-FR"},{"@type":"Organization","@id":"https:\/\/sahrdaya-yoga.com\/#organization","name":"Sahrdaya Yoga R\u00e9union","url":"https:\/\/sahrdaya-yoga.com\/","logo":{"@type":"ImageObject","inLanguage":"fr-FR","@id":"https:\/\/sahrdaya-yoga.com\/#\/schema\/logo\/image\/","url":"http:\/\/sahrdaya-yoga.com\/wp-content\/uploads\/2020\/08\/IMG-0.png","contentUrl":"http:\/\/sahrdaya-yoga.com\/wp-content\/uploads\/2020\/08\/IMG-0.png","width":2208,"height":1908,"caption":"Sahrdaya Yoga R\u00e9union"},"image":{"@id":"https:\/\/sahrdaya-yoga.com\/#\/schema\/logo\/image\/"},"sameAs":["https:\/\/www.facebook.com\/sahrdayayogareunion"]}]}},"jetpack_sharing_enabled":true,"_links":{"self":[{"href":"https:\/\/sahrdaya-yoga.com\/index.php\/wp-json\/wp\/v2\/pages\/1101"}],"collection":[{"href":"https:\/\/sahrdaya-yoga.com\/index.php\/wp-json\/wp\/v2\/pages"}],"about":[{"href":"https:\/\/sahrdaya-yoga.com\/index.php\/wp-json\/wp\/v2\/types\/page"}],"author":[{"embeddable":true,"href":"https:\/\/sahrdaya-yoga.com\/index.php\/wp-json\/wp\/v2\/users\/1"}],"replies":[{"embeddable":true,"href":"https:\/\/sahrdaya-yoga.com\/index.php\/wp-json\/wp\/v2\/comments?post=1101"}],"version-history":[{"count":14,"href":"https:\/\/sahrdaya-yoga.com\/index.php\/wp-json\/wp\/v2\/pages\/1101\/revisions"}],"predecessor-version":[{"id":1954,"href":"https:\/\/sahrdaya-yoga.com\/index.php\/wp-json\/wp\/v2\/pages\/1101\/revisions\/1954"}],"wp:attachment":[{"href":"https:\/\/sahrdaya-yoga.com\/index.php\/wp-json\/wp\/v2\/media?parent=1101"}],"curies":[{"name":"wp","href":"https:\/\/api.w.org\/{rel}","templated":true}]}}