{"id":1378,"date":"2024-01-06T22:38:23","date_gmt":"2024-01-06T21:38:23","guid":{"rendered":"http:\/\/sahrdaya-yoga.com\/?page_id=1378"},"modified":"2024-01-06T22:50:54","modified_gmt":"2024-01-06T21:50:54","slug":"atelier-yoga-2024-fevrier-mahilde-penet","status":"publish","type":"page","link":"https:\/\/sahrdaya-yoga.com\/index.php\/atelier-yoga-2024-fevrier-mahilde-penet\/","title":{"rendered":"Atelier"},"content":{"rendered":"\n<div class=\"wp-block-image\"><figure class=\"alignleft size-large is-resized\"><img loading=\"lazy\" decoding=\"async\" src=\"https:\/\/i0.wp.com\/sahrdaya-yoga.com\/wp-content\/uploads\/2024\/01\/2402-Torsions.png?resize=564%2C564&#038;ssl=1\" alt=\"\" class=\"wp-image-1369\" width=\"564\" height=\"564\" srcset=\"https:\/\/i0.wp.com\/sahrdaya-yoga.com\/wp-content\/uploads\/2024\/01\/2402-Torsions.png?resize=1024%2C1024&amp;ssl=1 1024w, https:\/\/i0.wp.com\/sahrdaya-yoga.com\/wp-content\/uploads\/2024\/01\/2402-Torsions.png?resize=300%2C300&amp;ssl=1 300w, https:\/\/i0.wp.com\/sahrdaya-yoga.com\/wp-content\/uploads\/2024\/01\/2402-Torsions.png?resize=150%2C150&amp;ssl=1 150w, https:\/\/i0.wp.com\/sahrdaya-yoga.com\/wp-content\/uploads\/2024\/01\/2402-Torsions.png?resize=768%2C768&amp;ssl=1 768w, https:\/\/i0.wp.com\/sahrdaya-yoga.com\/wp-content\/uploads\/2024\/01\/2402-Torsions.png?w=1080&amp;ssl=1 1080w\" sizes=\"(max-width: 564px) 100vw, 564px\" data-recalc-dims=\"1\" \/><\/figure><\/div>\n\n\n<div dir=\"auto\">&nbsp;<\/div>\n<div dir=\"auto\">\ud83c\udf1e D\u00e9couvrir et approfondir les postures en torsion<\/div>\n<div dir=\"auto\">&nbsp;<\/div>\n<div dir=\"auto\">Lib\u00e9rer les tensions dans les zones lombaires, dorsales et cervicales. R\u00e9veil du syst\u00e8me digestif.<\/div>\n<div dir=\"auto\">Effet puissant de nettoyage des corps physique, mental et \u00e9motionnel.&nbsp;<\/div>\n<div dir=\"auto\">&nbsp;<\/div>\n<div dir=\"auto\"><span class=\"x3nfvp2 x1j61x8r x1fcty0u xdj266r xhhsvwb xat24cr xgzva0m xxymvpz xlup9mm x1kky2od\" style=\"font-size: inherit;\"><img loading=\"lazy\" decoding=\"async\" class=\"xz74otr\" src=\"https:\/\/static.xx.fbcdn.net\/images\/emoji.php\/v9\/t5f\/1\/16\/1f31e.png\" alt=\"\ud83c\udf1e\" width=\"16\" height=\"16\"><\/span><span style=\"font-size: inherit;\">&nbsp;Vous \u00eates tous les bienvenus !<\/span><\/div>\n<div dir=\"auto\">&nbsp;<\/div>\n<div dir=\"auto\">\n<p>Ce stage est progressif, accessible aux pratiquants d\u00e9butants et confirm\u00e9s. N&rsquo;h\u00e9sitez-pas \u00e0 me contacter.<\/p>\n<p class=\"has-text-align-center\" style=\"text-align: left;\"><span class=\"x3nfvp2 x1j61x8r x1fcty0u xdj266r xhhsvwb xat24cr xgzva0m xxymvpz xlup9mm x1kky2od\"><img loading=\"lazy\" decoding=\"async\" class=\"xz74otr\" src=\"https:\/\/static.xx.fbcdn.net\/images\/emoji.php\/v9\/t5f\/1\/16\/1f31e.png\" alt=\"\ud83c\udf1e\" width=\"16\" height=\"16\"> MODALIT<\/span>\u00c9<span class=\"x3nfvp2 x1j61x8r x1fcty0u xdj266r xhhsvwb xat24cr xgzva0m xxymvpz xlup9mm x1kky2od\">S :<\/span><\/p>\n<p class=\"has-text-align-center\" style=\"text-align: left;\"><strong>Dates<\/strong> : Samedi 27 f\u00e9vrier 2024<br><strong>Horaires<\/strong> : 10H-13H<br><strong>Lieu<\/strong> : Centre de l&rsquo;Energie du Souffle, 7bis Rue des Combattants d&rsquo;Afrique du Nord &#8211; Nice<br><strong>Tarif<\/strong> : 45\u20ac la matin\u00e9e&nbsp;<\/p>\n<p class=\"has-text-align-center\" style=\"text-align: left;\"><strong>Infos \/ Inscription<\/strong> :<br>sahrdaya.yoga@gmail.com ou 06 99 53 43 63<\/p>\n<p class=\"has-text-align-center\" style=\"text-align: left;\">Nombre de places limit\u00e9<\/p>\n<\/div>","protected":false},"excerpt":{"rendered":"<p>&nbsp; \ud83c\udf1e D\u00e9couvrir et approfondir les postures en torsion &nbsp; Lib\u00e9rer les tensions dans les zones lombaires, dorsales et cervicales. R\u00e9veil du syst\u00e8me digestif. Effet puissant de nettoyage des corps physique, mental et \u00e9motionnel.&nbsp; &nbsp; &nbsp;Vous \u00eates tous les bienvenus ! &nbsp; Ce stage est progressif, accessible aux pratiquants d\u00e9butants et confirm\u00e9s. N&rsquo;h\u00e9sitez-pas \u00e0 me &#8230; <a title=\"Atelier\" class=\"read-more\" href=\"https:\/\/sahrdaya-yoga.com\/index.php\/atelier-yoga-2024-fevrier-mahilde-penet\/\" aria-label=\"En savoir plus sur Atelier\">Lire la suite<\/a><\/p>\n","protected":false},"author":1,"featured_media":0,"parent":0,"menu_order":0,"comment_status":"closed","ping_status":"closed","template":"","meta":{"sfsi_plus_gutenberg_text_before_share":"","sfsi_plus_gutenberg_show_text_before_share":"","sfsi_plus_gutenberg_icon_type":"","sfsi_plus_gutenberg_icon_alignemt":"","sfsi_plus_gutenburg_max_per_row":"","footnotes":""},"yoast_head":"<!-- This site is optimized with the Yoast SEO plugin v21.8 - https:\/\/yoast.com\/wordpress\/plugins\/seo\/ -->\n<title>Atelier - Sahrdaya<\/title>\n<meta name=\"description\" content=\"Atelier guid\u00e9 par Mathilde Penet pour d\u00e9couvrir et approfondir les postures en torsionLib\u00e9rer les tensions dans les zones lombaires, dorsales et cervicales. R\u00e9veil du syst\u00e8me digestif.Effet puissant de nettoyage des corps physique, mental et \u00e9motionnel.\u00a0\u00a0Vous \u00eates tous les bienvenus !\" \/>\n<meta name=\"robots\" content=\"index, follow, max-snippet:-1, max-image-preview:large, max-video-preview:-1\" \/>\n<link rel=\"canonical\" href=\"https:\/\/sahrdaya-yoga.com\/index.php\/atelier-yoga-2024-fevrier-mahilde-penet\/\" \/>\n<meta property=\"og:locale\" content=\"fr_FR\" \/>\n<meta property=\"og:type\" content=\"article\" \/>\n<meta property=\"og:title\" content=\"Atelier - Sahrdaya\" \/>\n<meta property=\"og:description\" content=\"Atelier guid\u00e9 par Mathilde Penet pour d\u00e9couvrir et approfondir les postures en torsionLib\u00e9rer les tensions dans les zones lombaires, dorsales et cervicales. R\u00e9veil du syst\u00e8me digestif.Effet puissant de nettoyage des corps physique, mental et \u00e9motionnel.\u00a0\u00a0Vous \u00eates tous les bienvenus !\" \/>\n<meta property=\"og:url\" content=\"https:\/\/sahrdaya-yoga.com\/index.php\/atelier-yoga-2024-fevrier-mahilde-penet\/\" \/>\n<meta property=\"og:site_name\" content=\"Sahrdaya\" \/>\n<meta property=\"article:publisher\" content=\"https:\/\/www.facebook.com\/sahrdayayogareunion\" \/>\n<meta property=\"article:modified_time\" content=\"2024-01-06T21:50:54+00:00\" \/>\n<meta property=\"og:image\" content=\"http:\/\/sahrdaya-yoga.com\/wp-content\/uploads\/2024\/01\/2402-Torsions-1024x1024.png\" \/>\n<meta name=\"twitter:card\" content=\"summary_large_image\" \/>\n<meta name=\"twitter:label1\" content=\"Dur\u00e9e de lecture estim\u00e9e\" \/>\n\t<meta name=\"twitter:data1\" content=\"2 minutes\" \/>\n<script type=\"application\/ld+json\" class=\"yoast-schema-graph\">{\"@context\":\"https:\/\/schema.org\",\"@graph\":[{\"@type\":\"WebPage\",\"@id\":\"https:\/\/sahrdaya-yoga.com\/index.php\/atelier-yoga-2024-fevrier-mahilde-penet\/\",\"url\":\"https:\/\/sahrdaya-yoga.com\/index.php\/atelier-yoga-2024-fevrier-mahilde-penet\/\",\"name\":\"Atelier - Sahrdaya\",\"isPartOf\":{\"@id\":\"https:\/\/sahrdaya-yoga.com\/#website\"},\"datePublished\":\"2024-01-06T21:38:23+00:00\",\"dateModified\":\"2024-01-06T21:50:54+00:00\",\"description\":\"Atelier guid\u00e9 par Mathilde Penet pour d\u00e9couvrir et approfondir les postures en torsionLib\u00e9rer les tensions dans les zones lombaires, dorsales et cervicales. R\u00e9veil du syst\u00e8me digestif.Effet puissant de nettoyage des corps physique, mental et \u00e9motionnel.\u00a0\u00a0Vous \u00eates tous les bienvenus !\",\"breadcrumb\":{\"@id\":\"https:\/\/sahrdaya-yoga.com\/index.php\/atelier-yoga-2024-fevrier-mahilde-penet\/#breadcrumb\"},\"inLanguage\":\"fr-FR\",\"potentialAction\":[{\"@type\":\"ReadAction\",\"target\":[\"https:\/\/sahrdaya-yoga.com\/index.php\/atelier-yoga-2024-fevrier-mahilde-penet\/\"]}]},{\"@type\":\"BreadcrumbList\",\"@id\":\"https:\/\/sahrdaya-yoga.com\/index.php\/atelier-yoga-2024-fevrier-mahilde-penet\/#breadcrumb\",\"itemListElement\":[{\"@type\":\"ListItem\",\"position\":1,\"name\":\"Accueil\",\"item\":\"https:\/\/sahrdaya-yoga.com\/\"},{\"@type\":\"ListItem\",\"position\":2,\"name\":\"Atelier\"}]},{\"@type\":\"WebSite\",\"@id\":\"https:\/\/sahrdaya-yoga.com\/#website\",\"url\":\"https:\/\/sahrdaya-yoga.com\/\",\"name\":\"Sahrdaya\",\"description\":\"COURS DE YOGA\",\"publisher\":{\"@id\":\"https:\/\/sahrdaya-yoga.com\/#organization\"},\"potentialAction\":[{\"@type\":\"SearchAction\",\"target\":{\"@type\":\"EntryPoint\",\"urlTemplate\":\"https:\/\/sahrdaya-yoga.com\/?s={search_term_string}\"},\"query-input\":\"required name=search_term_string\"}],\"inLanguage\":\"fr-FR\"},{\"@type\":\"Organization\",\"@id\":\"https:\/\/sahrdaya-yoga.com\/#organization\",\"name\":\"Sahrdaya Yoga R\u00e9union\",\"url\":\"https:\/\/sahrdaya-yoga.com\/\",\"logo\":{\"@type\":\"ImageObject\",\"inLanguage\":\"fr-FR\",\"@id\":\"https:\/\/sahrdaya-yoga.com\/#\/schema\/logo\/image\/\",\"url\":\"http:\/\/sahrdaya-yoga.com\/wp-content\/uploads\/2020\/08\/IMG-0.png\",\"contentUrl\":\"http:\/\/sahrdaya-yoga.com\/wp-content\/uploads\/2020\/08\/IMG-0.png\",\"width\":2208,\"height\":1908,\"caption\":\"Sahrdaya Yoga R\u00e9union\"},\"image\":{\"@id\":\"https:\/\/sahrdaya-yoga.com\/#\/schema\/logo\/image\/\"},\"sameAs\":[\"https:\/\/www.facebook.com\/sahrdayayogareunion\"]}]}<\/script>\n<!-- \/ Yoast SEO plugin. -->","yoast_head_json":{"title":"Atelier - Sahrdaya","description":"Atelier guid\u00e9 par Mathilde Penet pour d\u00e9couvrir et approfondir les postures en torsionLib\u00e9rer les tensions dans les zones lombaires, dorsales et cervicales. R\u00e9veil du syst\u00e8me digestif.Effet puissant de nettoyage des corps physique, mental et \u00e9motionnel.\u00a0\u00a0Vous \u00eates tous les bienvenus !","robots":{"index":"index","follow":"follow","max-snippet":"max-snippet:-1","max-image-preview":"max-image-preview:large","max-video-preview":"max-video-preview:-1"},"canonical":"https:\/\/sahrdaya-yoga.com\/index.php\/atelier-yoga-2024-fevrier-mahilde-penet\/","og_locale":"fr_FR","og_type":"article","og_title":"Atelier - Sahrdaya","og_description":"Atelier guid\u00e9 par Mathilde Penet pour d\u00e9couvrir et approfondir les postures en torsionLib\u00e9rer les tensions dans les zones lombaires, dorsales et cervicales. R\u00e9veil du syst\u00e8me digestif.Effet puissant de nettoyage des corps physique, mental et \u00e9motionnel.\u00a0\u00a0Vous \u00eates tous les bienvenus !","og_url":"https:\/\/sahrdaya-yoga.com\/index.php\/atelier-yoga-2024-fevrier-mahilde-penet\/","og_site_name":"Sahrdaya","article_publisher":"https:\/\/www.facebook.com\/sahrdayayogareunion","article_modified_time":"2024-01-06T21:50:54+00:00","og_image":[{"url":"http:\/\/sahrdaya-yoga.com\/wp-content\/uploads\/2024\/01\/2402-Torsions-1024x1024.png"}],"twitter_card":"summary_large_image","twitter_misc":{"Dur\u00e9e de lecture estim\u00e9e":"2 minutes"},"schema":{"@context":"https:\/\/schema.org","@graph":[{"@type":"WebPage","@id":"https:\/\/sahrdaya-yoga.com\/index.php\/atelier-yoga-2024-fevrier-mahilde-penet\/","url":"https:\/\/sahrdaya-yoga.com\/index.php\/atelier-yoga-2024-fevrier-mahilde-penet\/","name":"Atelier - Sahrdaya","isPartOf":{"@id":"https:\/\/sahrdaya-yoga.com\/#website"},"datePublished":"2024-01-06T21:38:23+00:00","dateModified":"2024-01-06T21:50:54+00:00","description":"Atelier guid\u00e9 par Mathilde Penet pour d\u00e9couvrir et approfondir les postures en torsionLib\u00e9rer les tensions dans les zones lombaires, dorsales et cervicales. R\u00e9veil du syst\u00e8me digestif.Effet puissant de nettoyage des corps physique, mental et \u00e9motionnel.\u00a0\u00a0Vous \u00eates tous les bienvenus !","breadcrumb":{"@id":"https:\/\/sahrdaya-yoga.com\/index.php\/atelier-yoga-2024-fevrier-mahilde-penet\/#breadcrumb"},"inLanguage":"fr-FR","potentialAction":[{"@type":"ReadAction","target":["https:\/\/sahrdaya-yoga.com\/index.php\/atelier-yoga-2024-fevrier-mahilde-penet\/"]}]},{"@type":"BreadcrumbList","@id":"https:\/\/sahrdaya-yoga.com\/index.php\/atelier-yoga-2024-fevrier-mahilde-penet\/#breadcrumb","itemListElement":[{"@type":"ListItem","position":1,"name":"Accueil","item":"https:\/\/sahrdaya-yoga.com\/"},{"@type":"ListItem","position":2,"name":"Atelier"}]},{"@type":"WebSite","@id":"https:\/\/sahrdaya-yoga.com\/#website","url":"https:\/\/sahrdaya-yoga.com\/","name":"Sahrdaya","description":"COURS DE YOGA","publisher":{"@id":"https:\/\/sahrdaya-yoga.com\/#organization"},"potentialAction":[{"@type":"SearchAction","target":{"@type":"EntryPoint","urlTemplate":"https:\/\/sahrdaya-yoga.com\/?s={search_term_string}"},"query-input":"required name=search_term_string"}],"inLanguage":"fr-FR"},{"@type":"Organization","@id":"https:\/\/sahrdaya-yoga.com\/#organization","name":"Sahrdaya Yoga R\u00e9union","url":"https:\/\/sahrdaya-yoga.com\/","logo":{"@type":"ImageObject","inLanguage":"fr-FR","@id":"https:\/\/sahrdaya-yoga.com\/#\/schema\/logo\/image\/","url":"http:\/\/sahrdaya-yoga.com\/wp-content\/uploads\/2020\/08\/IMG-0.png","contentUrl":"http:\/\/sahrdaya-yoga.com\/wp-content\/uploads\/2020\/08\/IMG-0.png","width":2208,"height":1908,"caption":"Sahrdaya Yoga R\u00e9union"},"image":{"@id":"https:\/\/sahrdaya-yoga.com\/#\/schema\/logo\/image\/"},"sameAs":["https:\/\/www.facebook.com\/sahrdayayogareunion"]}]}},"jetpack_sharing_enabled":true,"_links":{"self":[{"href":"https:\/\/sahrdaya-yoga.com\/index.php\/wp-json\/wp\/v2\/pages\/1378"}],"collection":[{"href":"https:\/\/sahrdaya-yoga.com\/index.php\/wp-json\/wp\/v2\/pages"}],"about":[{"href":"https:\/\/sahrdaya-yoga.com\/index.php\/wp-json\/wp\/v2\/types\/page"}],"author":[{"embeddable":true,"href":"https:\/\/sahrdaya-yoga.com\/index.php\/wp-json\/wp\/v2\/users\/1"}],"replies":[{"embeddable":true,"href":"https:\/\/sahrdaya-yoga.com\/index.php\/wp-json\/wp\/v2\/comments?post=1378"}],"version-history":[{"count":3,"href":"https:\/\/sahrdaya-yoga.com\/index.php\/wp-json\/wp\/v2\/pages\/1378\/revisions"}],"predecessor-version":[{"id":1393,"href":"https:\/\/sahrdaya-yoga.com\/index.php\/wp-json\/wp\/v2\/pages\/1378\/revisions\/1393"}],"wp:attachment":[{"href":"https:\/\/sahrdaya-yoga.com\/index.php\/wp-json\/wp\/v2\/media?parent=1378"}],"curies":[{"name":"wp","href":"https:\/\/api.w.org\/{rel}","templated":true}]}}