{"id":1891,"date":"2026-02-13T13:18:32","date_gmt":"2026-02-13T12:18:32","guid":{"rendered":"https:\/\/sahrdaya-yoga.com\/?page_id=1891"},"modified":"2026-02-13T13:25:44","modified_gmt":"2026-02-13T12:25:44","slug":"week-end-yoga-01-03-mai-2026","status":"publish","type":"page","link":"https:\/\/sahrdaya-yoga.com\/index.php\/week-end-yoga-01-03-mai-2026\/","title":{"rendered":"Week-end Yoga"},"content":{"rendered":"\n<h2 class=\"wp-block-heading\"><em>Le corps comme champ de la Conscience <\/em><\/h2>\n\n\n\n<div class=\"wp-block-media-text is-stacked-on-mobile\"><figure class=\"wp-block-media-text__media\"><img loading=\"lazy\" decoding=\"async\" width=\"1024\" height=\"1024\" src=\"https:\/\/i0.wp.com\/sahrdaya-yoga.com\/wp-content\/uploads\/2025\/09\/Ateliers-Yoga-2025-5.png?resize=1024%2C1024&#038;ssl=1\" alt=\"\" class=\"wp-image-1790 size-full\" srcset=\"https:\/\/i0.wp.com\/sahrdaya-yoga.com\/wp-content\/uploads\/2025\/09\/Ateliers-Yoga-2025-5.png?resize=1024%2C1024&amp;ssl=1 1024w, https:\/\/i0.wp.com\/sahrdaya-yoga.com\/wp-content\/uploads\/2025\/09\/Ateliers-Yoga-2025-5.png?resize=300%2C300&amp;ssl=1 300w, https:\/\/i0.wp.com\/sahrdaya-yoga.com\/wp-content\/uploads\/2025\/09\/Ateliers-Yoga-2025-5.png?resize=150%2C150&amp;ssl=1 150w, https:\/\/i0.wp.com\/sahrdaya-yoga.com\/wp-content\/uploads\/2025\/09\/Ateliers-Yoga-2025-5.png?resize=768%2C768&amp;ssl=1 768w, https:\/\/i0.wp.com\/sahrdaya-yoga.com\/wp-content\/uploads\/2025\/09\/Ateliers-Yoga-2025-5.png?resize=1536%2C1536&amp;ssl=1 1536w, https:\/\/i0.wp.com\/sahrdaya-yoga.com\/wp-content\/uploads\/2025\/09\/Ateliers-Yoga-2025-5.png?resize=2048%2C2048&amp;ssl=1 2048w\" sizes=\"(max-width: 1024px) 100vw, 1024px\" data-recalc-dims=\"1\" \/><\/figure><div class=\"wp-block-media-text__content\">\n<p>Au programme :<strong>\u00a0<em>COMPRENDRE LES BASES ET PRATIQUER LES GAMMES POSTURALES<\/em><\/strong> :<\/p>\n\n\n\n<p>\u2022\u00a0<strong>D\u00e9couverte ou r\u00e9vision des principes fondamentaux d\u2019alignement\u00a0et\u00a0de l\u2019usage du mat\u00e9riel :\u00a0<\/strong>briques, sangles, bolster, cordes murales, etc.\u00a0<br>\u2022<strong>\u00a0Pratique des\u00a0<em>up\u0101sanas<\/em><\/strong>\u00a0: pr\u00e9liminaires permettant la lecture et la compr\u00e9hension des diff\u00e9rentes directions et dynamiques internes du corps.\u00a0\u00a0<br>\u2022\u00a0<strong>Clarification et \u00e9tude des diff\u00e9rentes familles de postures<\/strong>\u00a0: debouts, assises, flexions avant, torsions, extensions arri\u00e8re et postures restauratives. \u00a0<br>\u2022\u00a0<strong>Accompagnement progressif et pr\u00e9cis vers les postures invers\u00e9es<\/strong>\u00a0sur la t\u00eate et celle sur les \u00e9paules, avec et\/ou sans mat\u00e9riel.<\/p>\n\n\n\n<p>Stage non r\u00e9sidentiel.Dur\u00e9e : 2,5 jours <\/p>\n\n\n\n<p>Accessible \u00e0 tous : pratiquants d\u00e9butants et confirm\u00e9s. N\u2019h\u00e9sitez-pas \u00e0 me contacter.<\/p>\n\n\n\n<p>\u2728\ud83d\udc9b\ud83e\uddd8\ud83e\udeb7\ud83d\udc97\ud83e\udd38\u200d\u2640\ufe0f<\/p>\n<\/div><\/div>\n\n\n\n<p><\/p>\n\n\n\n<p class=\"has-text-align-center\"><strong>Dates&nbsp;: <\/strong>Week-end du 1er au 3 Mai 2026<\/p>\n\n\n\n<p class=\"has-text-align-center\"><strong>Lieu : <\/strong><a href=\"https:\/\/christianpisano.com\/\">Institut de Yoga Iyengar de Nice<\/a>, 79 Boulevard Delfino<\/p>\n\n\n\n<p class=\"has-text-align-center\"><strong>Horaires :<\/strong>&nbsp;Vendredi : 17h30\/20h &#8211; Samedi &amp; Dimanche 10h\/13h et 15h\/17h30&nbsp;<\/p>\n\n\n\n<p class=\"has-text-align-center\"><strong>Tarifs :&nbsp;<\/strong>190\u20ac le stage (options : 160\u20ac les deux jours \/ 80\u20ac la journ\u00e9e \/ 45\u20ac la matin\u00e9e \/ 40\u20ac l&rsquo;apr\u00e8s-midi)<\/p>\n","protected":false},"excerpt":{"rendered":"<p>Le corps comme champ de la Conscience Au programme :\u00a0COMPRENDRE LES BASES ET PRATIQUER LES GAMMES POSTURALES : \u2022\u00a0D\u00e9couverte ou r\u00e9vision des principes fondamentaux d\u2019alignement\u00a0et\u00a0de l\u2019usage du mat\u00e9riel :\u00a0briques, sangles, bolster, cordes murales, etc.\u00a0\u2022\u00a0Pratique des\u00a0up\u0101sanas\u00a0: pr\u00e9liminaires permettant la lecture et la compr\u00e9hension des diff\u00e9rentes directions et dynamiques internes du corps.\u00a0\u00a0\u2022\u00a0Clarification et \u00e9tude des diff\u00e9rentes familles &#8230; <a title=\"Week-end Yoga\" class=\"read-more\" href=\"https:\/\/sahrdaya-yoga.com\/index.php\/week-end-yoga-01-03-mai-2026\/\" aria-label=\"En savoir plus sur Week-end Yoga\">Lire la suite<\/a><\/p>\n","protected":false},"author":1,"featured_media":1892,"parent":0,"menu_order":0,"comment_status":"closed","ping_status":"closed","template":"","meta":{"sfsi_plus_gutenberg_text_before_share":"","sfsi_plus_gutenberg_show_text_before_share":"","sfsi_plus_gutenberg_icon_type":"","sfsi_plus_gutenberg_icon_alignemt":"","sfsi_plus_gutenburg_max_per_row":"","footnotes":""},"yoast_head":"<!-- This site is optimized with the Yoast SEO plugin v21.8 - https:\/\/yoast.com\/wordpress\/plugins\/seo\/ -->\n<title>Week-end Yoga - Sahrdaya<\/title>\n<meta name=\"description\" content=\"du 1er au 3 Mai 2026 \u00e0 l&#039;Institut de Yoga Iyengar avec Mathilde Penet - Au programme :\u00a0COMPRENDRE LES BASES ET PRATIQUER LES GAMMES POSTURALES Accessible \u00e0 tous : pratiquants d\u00e9butants et confirm\u00e9s.\" \/>\n<meta name=\"robots\" content=\"index, follow, max-snippet:-1, max-image-preview:large, max-video-preview:-1\" \/>\n<link rel=\"canonical\" href=\"https:\/\/sahrdaya-yoga.com\/index.php\/week-end-yoga-01-03-mai-2026\/\" \/>\n<meta property=\"og:locale\" content=\"fr_FR\" \/>\n<meta property=\"og:type\" content=\"article\" \/>\n<meta property=\"og:title\" content=\"Week-end Yoga - Sahrdaya\" \/>\n<meta property=\"og:description\" content=\"du 1er au 3 Mai 2026 \u00e0 l&#039;Institut de Yoga Iyengar avec Mathilde Penet - Au programme :\u00a0COMPRENDRE LES BASES ET PRATIQUER LES GAMMES POSTURALES Accessible \u00e0 tous : pratiquants d\u00e9butants et confirm\u00e9s.\" \/>\n<meta property=\"og:url\" content=\"https:\/\/sahrdaya-yoga.com\/index.php\/week-end-yoga-01-03-mai-2026\/\" \/>\n<meta property=\"og:site_name\" content=\"Sahrdaya\" \/>\n<meta property=\"article:publisher\" content=\"https:\/\/www.facebook.com\/sahrdayayogareunion\" \/>\n<meta property=\"article:modified_time\" content=\"2026-02-13T12:25:44+00:00\" \/>\n<meta property=\"og:image\" content=\"https:\/\/sahrdaya-yoga.com\/wp-content\/uploads\/2026\/02\/Capture-decran-2026-02-13-a-11.10.16-1024x320.png\" \/>\n\t<meta property=\"og:image:width\" content=\"1024\" \/>\n\t<meta property=\"og:image:height\" content=\"320\" \/>\n\t<meta property=\"og:image:type\" content=\"image\/png\" \/>\n<meta name=\"twitter:card\" content=\"summary_large_image\" \/>\n<meta name=\"twitter:label1\" content=\"Dur\u00e9e de lecture estim\u00e9e\" \/>\n\t<meta name=\"twitter:data1\" content=\"2 minutes\" \/>\n<script type=\"application\/ld+json\" class=\"yoast-schema-graph\">{\"@context\":\"https:\/\/schema.org\",\"@graph\":[{\"@type\":\"WebPage\",\"@id\":\"https:\/\/sahrdaya-yoga.com\/index.php\/week-end-yoga-01-03-mai-2026\/\",\"url\":\"https:\/\/sahrdaya-yoga.com\/index.php\/week-end-yoga-01-03-mai-2026\/\",\"name\":\"Week-end Yoga - Sahrdaya\",\"isPartOf\":{\"@id\":\"https:\/\/sahrdaya-yoga.com\/#website\"},\"datePublished\":\"2026-02-13T12:18:32+00:00\",\"dateModified\":\"2026-02-13T12:25:44+00:00\",\"description\":\"du 1er au 3 Mai 2026 \u00e0 l'Institut de Yoga Iyengar avec Mathilde Penet - Au programme :\u00a0COMPRENDRE LES BASES ET PRATIQUER LES GAMMES POSTURALES Accessible \u00e0 tous : pratiquants d\u00e9butants et confirm\u00e9s.\",\"breadcrumb\":{\"@id\":\"https:\/\/sahrdaya-yoga.com\/index.php\/week-end-yoga-01-03-mai-2026\/#breadcrumb\"},\"inLanguage\":\"fr-FR\",\"potentialAction\":[{\"@type\":\"ReadAction\",\"target\":[\"https:\/\/sahrdaya-yoga.com\/index.php\/week-end-yoga-01-03-mai-2026\/\"]}]},{\"@type\":\"BreadcrumbList\",\"@id\":\"https:\/\/sahrdaya-yoga.com\/index.php\/week-end-yoga-01-03-mai-2026\/#breadcrumb\",\"itemListElement\":[{\"@type\":\"ListItem\",\"position\":1,\"name\":\"Accueil\",\"item\":\"https:\/\/sahrdaya-yoga.com\/\"},{\"@type\":\"ListItem\",\"position\":2,\"name\":\"Week-end Yoga\"}]},{\"@type\":\"WebSite\",\"@id\":\"https:\/\/sahrdaya-yoga.com\/#website\",\"url\":\"https:\/\/sahrdaya-yoga.com\/\",\"name\":\"Sahrdaya\",\"description\":\"COURS DE YOGA\",\"publisher\":{\"@id\":\"https:\/\/sahrdaya-yoga.com\/#organization\"},\"potentialAction\":[{\"@type\":\"SearchAction\",\"target\":{\"@type\":\"EntryPoint\",\"urlTemplate\":\"https:\/\/sahrdaya-yoga.com\/?s={search_term_string}\"},\"query-input\":\"required name=search_term_string\"}],\"inLanguage\":\"fr-FR\"},{\"@type\":\"Organization\",\"@id\":\"https:\/\/sahrdaya-yoga.com\/#organization\",\"name\":\"Sahrdaya Yoga R\u00e9union\",\"url\":\"https:\/\/sahrdaya-yoga.com\/\",\"logo\":{\"@type\":\"ImageObject\",\"inLanguage\":\"fr-FR\",\"@id\":\"https:\/\/sahrdaya-yoga.com\/#\/schema\/logo\/image\/\",\"url\":\"http:\/\/sahrdaya-yoga.com\/wp-content\/uploads\/2020\/08\/IMG-0.png\",\"contentUrl\":\"http:\/\/sahrdaya-yoga.com\/wp-content\/uploads\/2020\/08\/IMG-0.png\",\"width\":2208,\"height\":1908,\"caption\":\"Sahrdaya Yoga R\u00e9union\"},\"image\":{\"@id\":\"https:\/\/sahrdaya-yoga.com\/#\/schema\/logo\/image\/\"},\"sameAs\":[\"https:\/\/www.facebook.com\/sahrdayayogareunion\"]}]}<\/script>\n<!-- \/ Yoast SEO plugin. -->","yoast_head_json":{"title":"Week-end Yoga - Sahrdaya","description":"du 1er au 3 Mai 2026 \u00e0 l'Institut de Yoga Iyengar avec Mathilde Penet - Au programme :\u00a0COMPRENDRE LES BASES ET PRATIQUER LES GAMMES POSTURALES Accessible \u00e0 tous : pratiquants d\u00e9butants et confirm\u00e9s.","robots":{"index":"index","follow":"follow","max-snippet":"max-snippet:-1","max-image-preview":"max-image-preview:large","max-video-preview":"max-video-preview:-1"},"canonical":"https:\/\/sahrdaya-yoga.com\/index.php\/week-end-yoga-01-03-mai-2026\/","og_locale":"fr_FR","og_type":"article","og_title":"Week-end Yoga - Sahrdaya","og_description":"du 1er au 3 Mai 2026 \u00e0 l'Institut de Yoga Iyengar avec Mathilde Penet - Au programme :\u00a0COMPRENDRE LES BASES ET PRATIQUER LES GAMMES POSTURALES Accessible \u00e0 tous : pratiquants d\u00e9butants et confirm\u00e9s.","og_url":"https:\/\/sahrdaya-yoga.com\/index.php\/week-end-yoga-01-03-mai-2026\/","og_site_name":"Sahrdaya","article_publisher":"https:\/\/www.facebook.com\/sahrdayayogareunion","article_modified_time":"2026-02-13T12:25:44+00:00","og_image":[{"width":1024,"height":320,"url":"https:\/\/sahrdaya-yoga.com\/wp-content\/uploads\/2026\/02\/Capture-decran-2026-02-13-a-11.10.16-1024x320.png","type":"image\/png"}],"twitter_card":"summary_large_image","twitter_misc":{"Dur\u00e9e de lecture estim\u00e9e":"2 minutes"},"schema":{"@context":"https:\/\/schema.org","@graph":[{"@type":"WebPage","@id":"https:\/\/sahrdaya-yoga.com\/index.php\/week-end-yoga-01-03-mai-2026\/","url":"https:\/\/sahrdaya-yoga.com\/index.php\/week-end-yoga-01-03-mai-2026\/","name":"Week-end Yoga - Sahrdaya","isPartOf":{"@id":"https:\/\/sahrdaya-yoga.com\/#website"},"datePublished":"2026-02-13T12:18:32+00:00","dateModified":"2026-02-13T12:25:44+00:00","description":"du 1er au 3 Mai 2026 \u00e0 l'Institut de Yoga Iyengar avec Mathilde Penet - Au programme :\u00a0COMPRENDRE LES BASES ET PRATIQUER LES GAMMES POSTURALES Accessible \u00e0 tous : pratiquants d\u00e9butants et confirm\u00e9s.","breadcrumb":{"@id":"https:\/\/sahrdaya-yoga.com\/index.php\/week-end-yoga-01-03-mai-2026\/#breadcrumb"},"inLanguage":"fr-FR","potentialAction":[{"@type":"ReadAction","target":["https:\/\/sahrdaya-yoga.com\/index.php\/week-end-yoga-01-03-mai-2026\/"]}]},{"@type":"BreadcrumbList","@id":"https:\/\/sahrdaya-yoga.com\/index.php\/week-end-yoga-01-03-mai-2026\/#breadcrumb","itemListElement":[{"@type":"ListItem","position":1,"name":"Accueil","item":"https:\/\/sahrdaya-yoga.com\/"},{"@type":"ListItem","position":2,"name":"Week-end Yoga"}]},{"@type":"WebSite","@id":"https:\/\/sahrdaya-yoga.com\/#website","url":"https:\/\/sahrdaya-yoga.com\/","name":"Sahrdaya","description":"COURS DE YOGA","publisher":{"@id":"https:\/\/sahrdaya-yoga.com\/#organization"},"potentialAction":[{"@type":"SearchAction","target":{"@type":"EntryPoint","urlTemplate":"https:\/\/sahrdaya-yoga.com\/?s={search_term_string}"},"query-input":"required name=search_term_string"}],"inLanguage":"fr-FR"},{"@type":"Organization","@id":"https:\/\/sahrdaya-yoga.com\/#organization","name":"Sahrdaya Yoga R\u00e9union","url":"https:\/\/sahrdaya-yoga.com\/","logo":{"@type":"ImageObject","inLanguage":"fr-FR","@id":"https:\/\/sahrdaya-yoga.com\/#\/schema\/logo\/image\/","url":"http:\/\/sahrdaya-yoga.com\/wp-content\/uploads\/2020\/08\/IMG-0.png","contentUrl":"http:\/\/sahrdaya-yoga.com\/wp-content\/uploads\/2020\/08\/IMG-0.png","width":2208,"height":1908,"caption":"Sahrdaya Yoga R\u00e9union"},"image":{"@id":"https:\/\/sahrdaya-yoga.com\/#\/schema\/logo\/image\/"},"sameAs":["https:\/\/www.facebook.com\/sahrdayayogareunion"]}]}},"jetpack_sharing_enabled":true,"_links":{"self":[{"href":"https:\/\/sahrdaya-yoga.com\/index.php\/wp-json\/wp\/v2\/pages\/1891"}],"collection":[{"href":"https:\/\/sahrdaya-yoga.com\/index.php\/wp-json\/wp\/v2\/pages"}],"about":[{"href":"https:\/\/sahrdaya-yoga.com\/index.php\/wp-json\/wp\/v2\/types\/page"}],"author":[{"embeddable":true,"href":"https:\/\/sahrdaya-yoga.com\/index.php\/wp-json\/wp\/v2\/users\/1"}],"replies":[{"embeddable":true,"href":"https:\/\/sahrdaya-yoga.com\/index.php\/wp-json\/wp\/v2\/comments?post=1891"}],"version-history":[{"count":4,"href":"https:\/\/sahrdaya-yoga.com\/index.php\/wp-json\/wp\/v2\/pages\/1891\/revisions"}],"predecessor-version":[{"id":1899,"href":"https:\/\/sahrdaya-yoga.com\/index.php\/wp-json\/wp\/v2\/pages\/1891\/revisions\/1899"}],"wp:featuredmedia":[{"embeddable":true,"href":"https:\/\/sahrdaya-yoga.com\/index.php\/wp-json\/wp\/v2\/media\/1892"}],"wp:attachment":[{"href":"https:\/\/sahrdaya-yoga.com\/index.php\/wp-json\/wp\/v2\/media?parent=1891"}],"curies":[{"name":"wp","href":"https:\/\/api.w.org\/{rel}","templated":true}]}}