{"id":1914,"date":"2026-02-21T13:03:32","date_gmt":"2026-02-21T12:03:32","guid":{"rendered":"https:\/\/sahrdaya-yoga.com\/?page_id=1914"},"modified":"2026-02-21T13:55:35","modified_gmt":"2026-02-21T12:55:35","slug":"enseignement","status":"publish","type":"page","link":"https:\/\/sahrdaya-yoga.com\/index.php\/enseignement\/","title":{"rendered":"Enseignement"},"content":{"rendered":"\n<div class=\"wp-block-cover alignfull is-light has-parallax\"><span aria-hidden=\"true\" class=\"wp-block-cover__background has-luminous-vivid-amber-background-color has-background-dim-40 has-background-dim\"><\/span><div role=\"img\" class=\"wp-block-cover__image-background wp-image-1455 has-parallax\" style=\"background-position:50% 50%;background-image:url(https:\/\/sahrdaya-yoga.com\/wp-content\/uploads\/2024\/04\/1712503796437.jpg)\"><\/div><div class=\"wp-block-cover__inner-container is-layout-flow wp-block-cover-is-layout-flow\">\n<p class=\"has-text-align-center has-large-font-size\"><\/p>\n<\/div><\/div>\n\n\n\n<p class=\"has-text-color has-link-color has-medium-font-size wp-elements-41de313d489ff22f1a61eb17f52366be\" style=\"color:#ffc800\">L\u2019approche de Mathilde Penet se d\u00e9ploie autour de la pratique des postures (<strong>asanas<\/strong>) et de l\u2019exploration de la respiration (<strong>pranayama<\/strong>), tout en d\u00e9veloppant la concentration (<strong>dharana<\/strong>) et la m\u00e9ditation (<strong>dhyana<\/strong>).<\/p>\n\n\n\n<p style=\"font-style:normal;font-weight:300\">Il se caract\u00e9rise par une <strong>p\u00e9dagogie structur\u00e9e et progressive<\/strong>, permettant \u00e0 chaque \u00e9l\u00e8ve d\u2019\u00e9voluer \u00e0 son rythme.<\/p>\n\n\n\n<p style=\"font-style:normal;font-weight:300\">Une attention fine est port\u00e9e \u00e0 l\u2019<strong>alignement du corps<\/strong> : on ajuste avec douceur, on affine la perception. La pr\u00e9cision reste toujours au service de la sensation. Les postures sont tenues dans la dur\u00e9e afin de laisser au corps le temps d\u2019int\u00e9grer ; la respiration s\u2019apaise, la stabilit\u00e9 s\u2019installe, la pr\u00e9sence s\u2019approfondit.<\/p>\n\n\n\n<p style=\"font-style:normal;font-weight:300\">Chaque s\u00e9ance suit une progression claire, alternant : <strong>renforcement, assouplissement, \u00e9quilibre, respiration, relaxation<\/strong>, tout en explorant diff\u00e9rentes familles de postures : debouts, assises, flexions avant, torsions, extensions arri\u00e8re et restauratives&#8230;<\/p>\n\n\n\n<p style=\"font-style:normal;font-weight:300\">Pratiqu\u00e9e r\u00e9guli\u00e8rement, la m\u00e9thode assouplit, renforce et r\u00e9g\u00e9n\u00e8re le corps, tout en aidant \u00e0 r\u00e9duire durablement les douleurs articulaires et musculaires. Elle offre des bases solides pour \u00e9voluer en confiance vers des postures plus complexes.<\/p>\n\n\n\n<div class=\"wp-block-columns is-layout-flex wp-container-core-columns-layout-1 wp-block-columns-is-layout-flex\">\n<div class=\"wp-block-column is-layout-flow wp-block-column-is-layout-flow\">\n<figure class=\"wp-block-image size-large\"><img loading=\"lazy\" decoding=\"async\" width=\"791\" height=\"1024\" src=\"https:\/\/i0.wp.com\/sahrdaya-yoga.com\/wp-content\/uploads\/2025\/12\/Capture-decran-2025-12-25-a-16.51.54.png?resize=791%2C1024&#038;ssl=1\" alt=\"\" class=\"wp-image-1865\" style=\"aspect-ratio:3\/4;object-fit:cover\" srcset=\"https:\/\/i0.wp.com\/sahrdaya-yoga.com\/wp-content\/uploads\/2025\/12\/Capture-decran-2025-12-25-a-16.51.54.png?resize=791%2C1024&amp;ssl=1 791w, https:\/\/i0.wp.com\/sahrdaya-yoga.com\/wp-content\/uploads\/2025\/12\/Capture-decran-2025-12-25-a-16.51.54.png?resize=232%2C300&amp;ssl=1 232w, https:\/\/i0.wp.com\/sahrdaya-yoga.com\/wp-content\/uploads\/2025\/12\/Capture-decran-2025-12-25-a-16.51.54.png?resize=768%2C994&amp;ssl=1 768w, https:\/\/i0.wp.com\/sahrdaya-yoga.com\/wp-content\/uploads\/2025\/12\/Capture-decran-2025-12-25-a-16.51.54.png?resize=1187%2C1536&amp;ssl=1 1187w, https:\/\/i0.wp.com\/sahrdaya-yoga.com\/wp-content\/uploads\/2025\/12\/Capture-decran-2025-12-25-a-16.51.54.png?w=1236&amp;ssl=1 1236w\" sizes=\"(max-width: 791px) 100vw, 791px\" data-recalc-dims=\"1\" \/><\/figure>\n<\/div>\n\n\n\n<div class=\"wp-block-column is-layout-flow wp-block-column-is-layout-flow\">\n<figure class=\"wp-block-image size-large\"><img loading=\"lazy\" decoding=\"async\" width=\"777\" height=\"1024\" src=\"https:\/\/i0.wp.com\/sahrdaya-yoga.com\/wp-content\/uploads\/2020\/08\/sahrdaya-yoga-2-e1771675265208-777x1024.png?resize=777%2C1024&#038;ssl=1\" alt=\"\" class=\"wp-image-244\" style=\"aspect-ratio:3\/4;object-fit:cover\" srcset=\"https:\/\/i0.wp.com\/sahrdaya-yoga.com\/wp-content\/uploads\/2020\/08\/sahrdaya-yoga-2-e1771675265208.png?resize=777%2C1024&amp;ssl=1 777w, https:\/\/i0.wp.com\/sahrdaya-yoga.com\/wp-content\/uploads\/2020\/08\/sahrdaya-yoga-2-e1771675265208.png?resize=228%2C300&amp;ssl=1 228w, https:\/\/i0.wp.com\/sahrdaya-yoga.com\/wp-content\/uploads\/2020\/08\/sahrdaya-yoga-2-e1771675265208.png?resize=768%2C1012&amp;ssl=1 768w, https:\/\/i0.wp.com\/sahrdaya-yoga.com\/wp-content\/uploads\/2020\/08\/sahrdaya-yoga-2-e1771675265208.png?w=911&amp;ssl=1 911w\" sizes=\"(max-width: 777px) 100vw, 777px\" data-recalc-dims=\"1\" \/><\/figure>\n<\/div>\n\n\n\n<div class=\"wp-block-column is-layout-flow wp-block-column-is-layout-flow\">\n<figure class=\"wp-block-image size-large\"><img loading=\"lazy\" decoding=\"async\" width=\"685\" height=\"1024\" src=\"https:\/\/i0.wp.com\/sahrdaya-yoga.com\/wp-content\/uploads\/2020\/08\/sahrdaya-yoga-4.png?resize=685%2C1024&#038;ssl=1\" alt=\"\" class=\"wp-image-250\" style=\"aspect-ratio:3\/4;object-fit:cover\" srcset=\"https:\/\/i0.wp.com\/sahrdaya-yoga.com\/wp-content\/uploads\/2020\/08\/sahrdaya-yoga-4.png?resize=685%2C1024&amp;ssl=1 685w, https:\/\/i0.wp.com\/sahrdaya-yoga.com\/wp-content\/uploads\/2020\/08\/sahrdaya-yoga-4.png?resize=201%2C300&amp;ssl=1 201w, https:\/\/i0.wp.com\/sahrdaya-yoga.com\/wp-content\/uploads\/2020\/08\/sahrdaya-yoga-4.png?resize=768%2C1148&amp;ssl=1 768w, https:\/\/i0.wp.com\/sahrdaya-yoga.com\/wp-content\/uploads\/2020\/08\/sahrdaya-yoga-4.png?w=1200&amp;ssl=1 1200w\" sizes=\"(max-width: 685px) 100vw, 685px\" data-recalc-dims=\"1\" \/><\/figure>\n<\/div>\n<\/div>\n\n\n<div class=\"wp-block-image\">\n<figure class=\"aligncenter size-large\"><img loading=\"lazy\" decoding=\"async\" width=\"1024\" height=\"281\" src=\"https:\/\/i0.wp.com\/sahrdaya-yoga.com\/wp-content\/uploads\/2022\/08\/pincha.png?resize=1024%2C281&#038;ssl=1\" alt=\"\" class=\"wp-image-900\" srcset=\"https:\/\/i0.wp.com\/sahrdaya-yoga.com\/wp-content\/uploads\/2022\/08\/pincha.png?resize=1024%2C281&amp;ssl=1 1024w, https:\/\/i0.wp.com\/sahrdaya-yoga.com\/wp-content\/uploads\/2022\/08\/pincha.png?resize=300%2C82&amp;ssl=1 300w, https:\/\/i0.wp.com\/sahrdaya-yoga.com\/wp-content\/uploads\/2022\/08\/pincha.png?resize=768%2C211&amp;ssl=1 768w, https:\/\/i0.wp.com\/sahrdaya-yoga.com\/wp-content\/uploads\/2022\/08\/pincha.png?w=1251&amp;ssl=1 1251w\" sizes=\"(max-width: 1024px) 100vw, 1024px\" data-recalc-dims=\"1\" \/><\/figure><\/div>\n\n\n<pre class=\"wp-block-preformatted\">Questions fr\u00e9quentes :\n\n<a href=\"https:\/\/sahrdaya-yoga.com\/index.php\/2022\/08\/31\/pourquoi-nous-utilisons-des-accessoires\/\" target=\"_blank\" rel=\"noreferrer noopener\"><strong>Pourquoi nous utilisons des accessoires ?<\/strong><\/a><\/pre>\n\n\n\n<h2 class=\"wp-block-heading\"><\/h2>\n\n\n\n<p><\/p>\n\n\n\n<div class=\"wp-block-cover alignfull has-parallax is-light\"><span aria-hidden=\"true\" class=\"wp-block-cover__background has-luminous-vivid-amber-background-color has-background-dim-40 has-background-dim\"><\/span><div role=\"img\" class=\"wp-block-cover__image-background wp-image-1023 has-parallax\" style=\"background-position:50% 50%;background-image:url(https:\/\/sahrdaya-yoga.com\/wp-content\/uploads\/2022\/08\/P1050054.jpg)\"><\/div><div class=\"wp-block-cover__inner-container is-layout-flow wp-block-cover-is-layout-flow\">\n<p class=\"has-text-align-center has-large-font-size\"><\/p>\n<\/div><\/div>\n\n\n\n<p><br><\/p>\n\n\n\n<h2 class=\"wp-block-heading\">ALIGNEMENT DU CORPS, DU C\u0152UR ET DE L&rsquo;ESPRIT<\/h2>\n\n\n\n<p class=\"has-medium-font-size\">L&rsquo;enseignement de Mathilde se caract\u00e9rise aussi par son approche directe, o\u00f9 l&rsquo;arri\u00e8re plan po\u00e9tique et la <strong>philosophie du Tantra<\/strong> soutiennent les explorations sensorielles. <\/p>\n\n\n\n<p style=\"font-style:normal;font-weight:300\">Elle guide les \u00e9l\u00e8ves \u00e0 d\u00e9velopper leur attention \u00e0 travers \u00abl\u2019\u00e9coute\u00bb des sensations du corps en proposant des explorations de diff\u00e9rentes natures : assises silencieuses, po\u00e9sies corporelles, ivresses m\u00e9ditatives, jeux respiratoires, explorations sonores, vibratoires, et immersions dans la tranquillit\u00e9 contemplative.<br><\/p>\n\n\n\n<p><\/p>\n\n\n\n<figure class=\"wp-block-gallery has-nested-images columns-default is-cropped wp-block-gallery-1 is-layout-flex wp-block-gallery-is-layout-flex\">\n<figure class=\"wp-block-image size-large\"><img loading=\"lazy\" decoding=\"async\" width=\"1024\" height=\"768\" data-id=\"1932\" src=\"https:\/\/i0.wp.com\/sahrdaya-yoga.com\/wp-content\/uploads\/2026\/02\/57156_4b83d4b649d356cf12ae3d56c9a68606-21_08_2025-14_30_34.jpg?resize=1024%2C768&#038;ssl=1\" alt=\"\" class=\"wp-image-1932\" srcset=\"https:\/\/i0.wp.com\/sahrdaya-yoga.com\/wp-content\/uploads\/2026\/02\/57156_4b83d4b649d356cf12ae3d56c9a68606-21_08_2025-14_30_34.jpg?resize=1024%2C768&amp;ssl=1 1024w, https:\/\/i0.wp.com\/sahrdaya-yoga.com\/wp-content\/uploads\/2026\/02\/57156_4b83d4b649d356cf12ae3d56c9a68606-21_08_2025-14_30_34.jpg?resize=300%2C225&amp;ssl=1 300w, https:\/\/i0.wp.com\/sahrdaya-yoga.com\/wp-content\/uploads\/2026\/02\/57156_4b83d4b649d356cf12ae3d56c9a68606-21_08_2025-14_30_34.jpg?resize=768%2C576&amp;ssl=1 768w, https:\/\/i0.wp.com\/sahrdaya-yoga.com\/wp-content\/uploads\/2026\/02\/57156_4b83d4b649d356cf12ae3d56c9a68606-21_08_2025-14_30_34.jpg?resize=1536%2C1152&amp;ssl=1 1536w, https:\/\/i0.wp.com\/sahrdaya-yoga.com\/wp-content\/uploads\/2026\/02\/57156_4b83d4b649d356cf12ae3d56c9a68606-21_08_2025-14_30_34.jpg?w=1600&amp;ssl=1 1600w\" sizes=\"(max-width: 1024px) 100vw, 1024px\" data-recalc-dims=\"1\" \/><\/figure>\n\n\n\n<figure class=\"wp-block-image size-large\"><img loading=\"lazy\" decoding=\"async\" width=\"576\" height=\"1024\" data-id=\"1441\" src=\"https:\/\/i0.wp.com\/sahrdaya-yoga.com\/wp-content\/uploads\/2024\/03\/IMG-20240316-WA0031.jpg?resize=576%2C1024&#038;ssl=1\" alt=\"\" class=\"wp-image-1441\" srcset=\"https:\/\/i0.wp.com\/sahrdaya-yoga.com\/wp-content\/uploads\/2024\/03\/IMG-20240316-WA0031.jpg?resize=576%2C1024&amp;ssl=1 576w, https:\/\/i0.wp.com\/sahrdaya-yoga.com\/wp-content\/uploads\/2024\/03\/IMG-20240316-WA0031.jpg?resize=169%2C300&amp;ssl=1 169w, https:\/\/i0.wp.com\/sahrdaya-yoga.com\/wp-content\/uploads\/2024\/03\/IMG-20240316-WA0031.jpg?resize=768%2C1365&amp;ssl=1 768w, https:\/\/i0.wp.com\/sahrdaya-yoga.com\/wp-content\/uploads\/2024\/03\/IMG-20240316-WA0031.jpg?resize=864%2C1536&amp;ssl=1 864w, https:\/\/i0.wp.com\/sahrdaya-yoga.com\/wp-content\/uploads\/2024\/03\/IMG-20240316-WA0031.jpg?w=900&amp;ssl=1 900w\" sizes=\"(max-width: 576px) 100vw, 576px\" data-recalc-dims=\"1\" \/><\/figure>\n\n\n\n<figure class=\"wp-block-image size-large\"><img loading=\"lazy\" decoding=\"async\" width=\"576\" height=\"1024\" data-id=\"1442\" src=\"https:\/\/i0.wp.com\/sahrdaya-yoga.com\/wp-content\/uploads\/2024\/03\/IMG-20240316-WA0020.jpg?resize=576%2C1024&#038;ssl=1\" alt=\"\" class=\"wp-image-1442\" srcset=\"https:\/\/i0.wp.com\/sahrdaya-yoga.com\/wp-content\/uploads\/2024\/03\/IMG-20240316-WA0020.jpg?resize=576%2C1024&amp;ssl=1 576w, https:\/\/i0.wp.com\/sahrdaya-yoga.com\/wp-content\/uploads\/2024\/03\/IMG-20240316-WA0020.jpg?resize=169%2C300&amp;ssl=1 169w, https:\/\/i0.wp.com\/sahrdaya-yoga.com\/wp-content\/uploads\/2024\/03\/IMG-20240316-WA0020.jpg?resize=768%2C1365&amp;ssl=1 768w, https:\/\/i0.wp.com\/sahrdaya-yoga.com\/wp-content\/uploads\/2024\/03\/IMG-20240316-WA0020.jpg?resize=864%2C1536&amp;ssl=1 864w, https:\/\/i0.wp.com\/sahrdaya-yoga.com\/wp-content\/uploads\/2024\/03\/IMG-20240316-WA0020.jpg?w=900&amp;ssl=1 900w\" sizes=\"(max-width: 576px) 100vw, 576px\" data-recalc-dims=\"1\" \/><\/figure>\n<\/figure>\n\n\n\n<blockquote class=\"wp-block-quote has-text-align-center\">\n<p>La sant\u00e9 est l\u2019harmonie compl\u00e8te du corps, du mental et de l&rsquo;esprit ; lorsque l\u2019on est lib\u00e9r\u00e9 des limitations physiques et des distractions mentales, les portes qui m\u00e8nent \u00e0 la d\u00e9couverte de l&rsquo;\u00e2me s\u2019ouvrent.<\/p>\n<cite>B.K.S. IYENGAR<\/cite><\/blockquote>\n","protected":false},"excerpt":{"rendered":"<p>L\u2019approche de Mathilde Penet se d\u00e9ploie autour de la pratique des postures (asanas) et de l\u2019exploration de la respiration (pranayama), tout en d\u00e9veloppant la concentration (dharana) et la m\u00e9ditation (dhyana). Il se caract\u00e9rise par une p\u00e9dagogie structur\u00e9e et progressive, permettant \u00e0 chaque \u00e9l\u00e8ve d\u2019\u00e9voluer \u00e0 son rythme. Une attention fine est port\u00e9e \u00e0 l\u2019alignement du &#8230; <a title=\"Enseignement\" class=\"read-more\" href=\"https:\/\/sahrdaya-yoga.com\/index.php\/enseignement\/\" aria-label=\"En savoir plus sur Enseignement\">Lire la suite<\/a><\/p>\n","protected":false},"author":1,"featured_media":0,"parent":0,"menu_order":0,"comment_status":"closed","ping_status":"closed","template":"","meta":{"sfsi_plus_gutenberg_text_before_share":"","sfsi_plus_gutenberg_show_text_before_share":"","sfsi_plus_gutenberg_icon_type":"","sfsi_plus_gutenberg_icon_alignemt":"","sfsi_plus_gutenburg_max_per_row":"","footnotes":""},"yoast_head":"<!-- This site is optimized with the Yoast SEO plugin v21.8 - https:\/\/yoast.com\/wordpress\/plugins\/seo\/ -->\n<title>Enseignement - Sahrdaya<\/title>\n<meta name=\"robots\" content=\"index, follow, max-snippet:-1, max-image-preview:large, max-video-preview:-1\" \/>\n<link rel=\"canonical\" href=\"https:\/\/sahrdaya-yoga.com\/index.php\/enseignement\/\" \/>\n<meta property=\"og:locale\" content=\"fr_FR\" \/>\n<meta property=\"og:type\" content=\"article\" \/>\n<meta property=\"og:title\" content=\"Enseignement - Sahrdaya\" \/>\n<meta property=\"og:description\" content=\"L\u2019approche de Mathilde Penet se d\u00e9ploie autour de la pratique des postures (asanas) et de l\u2019exploration de la respiration (pranayama), tout en d\u00e9veloppant la concentration (dharana) et la m\u00e9ditation (dhyana). Il se caract\u00e9rise par une p\u00e9dagogie structur\u00e9e et progressive, permettant \u00e0 chaque \u00e9l\u00e8ve d\u2019\u00e9voluer \u00e0 son rythme. Une attention fine est port\u00e9e \u00e0 l\u2019alignement du ... Lire la suite\" \/>\n<meta property=\"og:url\" content=\"https:\/\/sahrdaya-yoga.com\/index.php\/enseignement\/\" \/>\n<meta property=\"og:site_name\" content=\"Sahrdaya\" \/>\n<meta property=\"article:publisher\" content=\"https:\/\/www.facebook.com\/sahrdayayogareunion\" \/>\n<meta property=\"article:modified_time\" content=\"2026-02-21T12:55:35+00:00\" \/>\n<meta property=\"og:image\" content=\"https:\/\/sahrdaya-yoga.com\/wp-content\/uploads\/2025\/12\/Capture-decran-2025-12-25-a-16.51.54-791x1024.png\" \/>\n<meta name=\"twitter:card\" content=\"summary_large_image\" \/>\n<meta name=\"twitter:label1\" content=\"Dur\u00e9e de lecture estim\u00e9e\" \/>\n\t<meta name=\"twitter:data1\" content=\"3 minutes\" \/>\n<script type=\"application\/ld+json\" class=\"yoast-schema-graph\">{\"@context\":\"https:\/\/schema.org\",\"@graph\":[{\"@type\":\"WebPage\",\"@id\":\"https:\/\/sahrdaya-yoga.com\/index.php\/enseignement\/\",\"url\":\"https:\/\/sahrdaya-yoga.com\/index.php\/enseignement\/\",\"name\":\"Enseignement - Sahrdaya\",\"isPartOf\":{\"@id\":\"https:\/\/sahrdaya-yoga.com\/#website\"},\"datePublished\":\"2026-02-21T12:03:32+00:00\",\"dateModified\":\"2026-02-21T12:55:35+00:00\",\"breadcrumb\":{\"@id\":\"https:\/\/sahrdaya-yoga.com\/index.php\/enseignement\/#breadcrumb\"},\"inLanguage\":\"fr-FR\",\"potentialAction\":[{\"@type\":\"ReadAction\",\"target\":[\"https:\/\/sahrdaya-yoga.com\/index.php\/enseignement\/\"]}]},{\"@type\":\"BreadcrumbList\",\"@id\":\"https:\/\/sahrdaya-yoga.com\/index.php\/enseignement\/#breadcrumb\",\"itemListElement\":[{\"@type\":\"ListItem\",\"position\":1,\"name\":\"Accueil\",\"item\":\"https:\/\/sahrdaya-yoga.com\/\"},{\"@type\":\"ListItem\",\"position\":2,\"name\":\"Enseignement\"}]},{\"@type\":\"WebSite\",\"@id\":\"https:\/\/sahrdaya-yoga.com\/#website\",\"url\":\"https:\/\/sahrdaya-yoga.com\/\",\"name\":\"Sahrdaya\",\"description\":\"COURS DE YOGA\",\"publisher\":{\"@id\":\"https:\/\/sahrdaya-yoga.com\/#organization\"},\"potentialAction\":[{\"@type\":\"SearchAction\",\"target\":{\"@type\":\"EntryPoint\",\"urlTemplate\":\"https:\/\/sahrdaya-yoga.com\/?s={search_term_string}\"},\"query-input\":\"required name=search_term_string\"}],\"inLanguage\":\"fr-FR\"},{\"@type\":\"Organization\",\"@id\":\"https:\/\/sahrdaya-yoga.com\/#organization\",\"name\":\"Sahrdaya Yoga R\u00e9union\",\"url\":\"https:\/\/sahrdaya-yoga.com\/\",\"logo\":{\"@type\":\"ImageObject\",\"inLanguage\":\"fr-FR\",\"@id\":\"https:\/\/sahrdaya-yoga.com\/#\/schema\/logo\/image\/\",\"url\":\"http:\/\/sahrdaya-yoga.com\/wp-content\/uploads\/2020\/08\/IMG-0.png\",\"contentUrl\":\"http:\/\/sahrdaya-yoga.com\/wp-content\/uploads\/2020\/08\/IMG-0.png\",\"width\":2208,\"height\":1908,\"caption\":\"Sahrdaya Yoga R\u00e9union\"},\"image\":{\"@id\":\"https:\/\/sahrdaya-yoga.com\/#\/schema\/logo\/image\/\"},\"sameAs\":[\"https:\/\/www.facebook.com\/sahrdayayogareunion\"]}]}<\/script>\n<!-- \/ Yoast SEO plugin. -->","yoast_head_json":{"title":"Enseignement - Sahrdaya","robots":{"index":"index","follow":"follow","max-snippet":"max-snippet:-1","max-image-preview":"max-image-preview:large","max-video-preview":"max-video-preview:-1"},"canonical":"https:\/\/sahrdaya-yoga.com\/index.php\/enseignement\/","og_locale":"fr_FR","og_type":"article","og_title":"Enseignement - Sahrdaya","og_description":"L\u2019approche de Mathilde Penet se d\u00e9ploie autour de la pratique des postures (asanas) et de l\u2019exploration de la respiration (pranayama), tout en d\u00e9veloppant la concentration (dharana) et la m\u00e9ditation (dhyana). Il se caract\u00e9rise par une p\u00e9dagogie structur\u00e9e et progressive, permettant \u00e0 chaque \u00e9l\u00e8ve d\u2019\u00e9voluer \u00e0 son rythme. Une attention fine est port\u00e9e \u00e0 l\u2019alignement du ... Lire la suite","og_url":"https:\/\/sahrdaya-yoga.com\/index.php\/enseignement\/","og_site_name":"Sahrdaya","article_publisher":"https:\/\/www.facebook.com\/sahrdayayogareunion","article_modified_time":"2026-02-21T12:55:35+00:00","og_image":[{"url":"https:\/\/sahrdaya-yoga.com\/wp-content\/uploads\/2025\/12\/Capture-decran-2025-12-25-a-16.51.54-791x1024.png"}],"twitter_card":"summary_large_image","twitter_misc":{"Dur\u00e9e de lecture estim\u00e9e":"3 minutes"},"schema":{"@context":"https:\/\/schema.org","@graph":[{"@type":"WebPage","@id":"https:\/\/sahrdaya-yoga.com\/index.php\/enseignement\/","url":"https:\/\/sahrdaya-yoga.com\/index.php\/enseignement\/","name":"Enseignement - Sahrdaya","isPartOf":{"@id":"https:\/\/sahrdaya-yoga.com\/#website"},"datePublished":"2026-02-21T12:03:32+00:00","dateModified":"2026-02-21T12:55:35+00:00","breadcrumb":{"@id":"https:\/\/sahrdaya-yoga.com\/index.php\/enseignement\/#breadcrumb"},"inLanguage":"fr-FR","potentialAction":[{"@type":"ReadAction","target":["https:\/\/sahrdaya-yoga.com\/index.php\/enseignement\/"]}]},{"@type":"BreadcrumbList","@id":"https:\/\/sahrdaya-yoga.com\/index.php\/enseignement\/#breadcrumb","itemListElement":[{"@type":"ListItem","position":1,"name":"Accueil","item":"https:\/\/sahrdaya-yoga.com\/"},{"@type":"ListItem","position":2,"name":"Enseignement"}]},{"@type":"WebSite","@id":"https:\/\/sahrdaya-yoga.com\/#website","url":"https:\/\/sahrdaya-yoga.com\/","name":"Sahrdaya","description":"COURS DE YOGA","publisher":{"@id":"https:\/\/sahrdaya-yoga.com\/#organization"},"potentialAction":[{"@type":"SearchAction","target":{"@type":"EntryPoint","urlTemplate":"https:\/\/sahrdaya-yoga.com\/?s={search_term_string}"},"query-input":"required name=search_term_string"}],"inLanguage":"fr-FR"},{"@type":"Organization","@id":"https:\/\/sahrdaya-yoga.com\/#organization","name":"Sahrdaya Yoga R\u00e9union","url":"https:\/\/sahrdaya-yoga.com\/","logo":{"@type":"ImageObject","inLanguage":"fr-FR","@id":"https:\/\/sahrdaya-yoga.com\/#\/schema\/logo\/image\/","url":"http:\/\/sahrdaya-yoga.com\/wp-content\/uploads\/2020\/08\/IMG-0.png","contentUrl":"http:\/\/sahrdaya-yoga.com\/wp-content\/uploads\/2020\/08\/IMG-0.png","width":2208,"height":1908,"caption":"Sahrdaya Yoga R\u00e9union"},"image":{"@id":"https:\/\/sahrdaya-yoga.com\/#\/schema\/logo\/image\/"},"sameAs":["https:\/\/www.facebook.com\/sahrdayayogareunion"]}]}},"jetpack_sharing_enabled":true,"_links":{"self":[{"href":"https:\/\/sahrdaya-yoga.com\/index.php\/wp-json\/wp\/v2\/pages\/1914"}],"collection":[{"href":"https:\/\/sahrdaya-yoga.com\/index.php\/wp-json\/wp\/v2\/pages"}],"about":[{"href":"https:\/\/sahrdaya-yoga.com\/index.php\/wp-json\/wp\/v2\/types\/page"}],"author":[{"embeddable":true,"href":"https:\/\/sahrdaya-yoga.com\/index.php\/wp-json\/wp\/v2\/users\/1"}],"replies":[{"embeddable":true,"href":"https:\/\/sahrdaya-yoga.com\/index.php\/wp-json\/wp\/v2\/comments?post=1914"}],"version-history":[{"count":10,"href":"https:\/\/sahrdaya-yoga.com\/index.php\/wp-json\/wp\/v2\/pages\/1914\/revisions"}],"predecessor-version":[{"id":1939,"href":"https:\/\/sahrdaya-yoga.com\/index.php\/wp-json\/wp\/v2\/pages\/1914\/revisions\/1939"}],"wp:attachment":[{"href":"https:\/\/sahrdaya-yoga.com\/index.php\/wp-json\/wp\/v2\/media?parent=1914"}],"curies":[{"name":"wp","href":"https:\/\/api.w.org\/{rel}","templated":true}]}}